{"id":5444,"date":"2023-02-21T11:46:41","date_gmt":"2023-02-21T10:46:41","guid":{"rendered":"https:\/\/iniciasystems.com\/sectors-iniciasystems\/"},"modified":"2024-05-02T12:22:49","modified_gmt":"2024-05-02T10:22:49","slug":"sectors-iniciasystems","status":"publish","type":"page","link":"https:\/\/iniciasystems.com\/ca\/sectors-iniciasystems\/","title":{"rendered":"Sectors Iniciasystems\u00ae"},"content":{"rendered":"\t\t<div data-elementor-type=\"wp-page\" data-elementor-id=\"5444\" class=\"elementor elementor-5444\" data-elementor-post-type=\"page\">\n\t\t\t\t\t\t<section class=\"elementor-section elementor-top-section elementor-element elementor-element-18c265f elementor-section-boxed elementor-section-height-default elementor-section-height-default\" data-id=\"18c265f\" data-element_type=\"section\" data-e-type=\"section\">\n\t\t\t\t\t\t<div class=\"elementor-container elementor-column-gap-default\">\n\t\t\t\t\t<div class=\"elementor-column elementor-col-100 elementor-top-column elementor-element elementor-element-eca7a84\" data-id=\"eca7a84\" data-element_type=\"column\" data-e-type=\"column\">\n\t\t\t<div class=\"elementor-widget-wrap elementor-element-populated\">\n\t\t\t\t\t\t<div class=\"elementor-element elementor-element-ff51521 elementor-widget elementor-widget-heading\" data-id=\"ff51521\" data-element_type=\"widget\" data-e-type=\"widget\" data-settings=\"{&quot;_animation&quot;:&quot;none&quot;}\" data-widget_type=\"heading.default\">\n\t\t\t\t<div class=\"elementor-widget-container\">\n\t\t\t\t\t<h1 class=\"elementor-heading-title elementor-size-default\">M\u00e0quines desgreixedores per m\u00faltiples sectors<\/h1>\t\t\t\t<\/div>\n\t\t\t\t<\/div>\n\t\t\t\t<section class=\"elementor-section elementor-inner-section elementor-element elementor-element-c42dc7c elementor-section-boxed elementor-section-height-default elementor-section-height-default\" data-id=\"c42dc7c\" data-element_type=\"section\" data-e-type=\"section\">\n\t\t\t\t\t\t<div class=\"elementor-container elementor-column-gap-default\">\n\t\t\t\t\t<div class=\"elementor-column elementor-col-33 elementor-inner-column elementor-element elementor-element-c58eae7\" data-id=\"c58eae7\" data-element_type=\"column\" data-e-type=\"column\">\n\t\t\t<div class=\"elementor-widget-wrap elementor-element-populated\">\n\t\t\t\t\t\t<div class=\"elementor-element elementor-element-34c6b44 elementor-widget elementor-widget-image\" data-id=\"34c6b44\" data-element_type=\"widget\" data-e-type=\"widget\" data-widget_type=\"image.default\">\n\t\t\t\t<div class=\"elementor-widget-container\">\n\t\t\t\t\t\t\t\t\t\t\t\t\t\t\t<img decoding=\"async\" width=\"355\" height=\"128\" src=\"https:\/\/iniciasystems.com\/wp-content\/uploads\/2023\/02\/iconos-sectores-hosteleria.png\" class=\"attachment-full size-full wp-image-5426\" alt=\"Lavautensilios desengrasantes para hosteler\u00eda\" \/>\t\t\t\t\t\t\t\t\t\t\t\t\t\t\t<\/div>\n\t\t\t\t<\/div>\n\t\t\t\t<div class=\"elementor-element elementor-element-be8fc60 elementor-widget elementor-widget-heading\" data-id=\"be8fc60\" data-element_type=\"widget\" data-e-type=\"widget\" data-widget_type=\"heading.default\">\n\t\t\t\t<div class=\"elementor-widget-container\">\n\t\t\t\t\t<h2 class=\"elementor-heading-title elementor-size-default\">Hostaleria i Restauraci\u00f3<\/h2>\t\t\t\t<\/div>\n\t\t\t\t<\/div>\n\t\t\t\t<div class=\"elementor-element elementor-element-cb3f294 elementor-widget elementor-widget-text-editor\" data-id=\"cb3f294\" data-element_type=\"widget\" data-e-type=\"widget\" data-widget_type=\"text-editor.default\">\n\t\t\t\t<div class=\"elementor-widget-container\">\n\t\t\t\t\t\t\t\t\t<p><strong>Inicia<\/strong>systems\u00ae en aquest sector est\u00e0 especialment indicat per a rentar sense esfor\u00e7 tota la bateria de cuina, <strong>safates Gastronorm<\/strong>, filtres de campana, ferros dels fogons, etc. Alguns utensilis, com les paelles, es presentaran al seu client final en <strong>un estat immillorable<\/strong>.<\/p>\n\t\t\t\t\t\t\t\t<\/div>\n\t\t\t\t<\/div>\n\t\t\t\t\t<\/div>\n\t\t<\/div>\n\t\t\t\t<div class=\"elementor-column elementor-col-33 elementor-inner-column elementor-element elementor-element-a1cdbc8\" data-id=\"a1cdbc8\" data-element_type=\"column\" data-e-type=\"column\">\n\t\t\t<div class=\"elementor-widget-wrap elementor-element-populated\">\n\t\t\t\t\t\t<div class=\"elementor-element elementor-element-c562c94 elementor-widget elementor-widget-image\" data-id=\"c562c94\" data-element_type=\"widget\" data-e-type=\"widget\" data-widget_type=\"image.default\">\n\t\t\t\t<div class=\"elementor-widget-container\">\n\t\t\t\t\t\t\t\t\t\t\t\t\t\t\t<img decoding=\"async\" width=\"355\" height=\"128\" src=\"https:\/\/iniciasystems.com\/wp-content\/uploads\/2023\/02\/iconos-sectores-hospitales.png\" class=\"attachment-full size-full wp-image-5423\" alt=\"Lavautensilios para hospitales\" \/>\t\t\t\t\t\t\t\t\t\t\t\t\t\t\t<\/div>\n\t\t\t\t<\/div>\n\t\t\t\t<div class=\"elementor-element elementor-element-129f2e6 elementor-widget elementor-widget-heading\" data-id=\"129f2e6\" data-element_type=\"widget\" data-e-type=\"widget\" data-widget_type=\"heading.default\">\n\t\t\t\t<div class=\"elementor-widget-container\">\n\t\t\t\t\t<h2 class=\"elementor-heading-title elementor-size-default\">Hospitalari i Col\u00b7lectivitats<\/h2>\t\t\t\t<\/div>\n\t\t\t\t<\/div>\n\t\t\t\t<div class=\"elementor-element elementor-element-89bd963 elementor-widget elementor-widget-text-editor\" data-id=\"89bd963\" data-element_type=\"widget\" data-e-type=\"widget\" data-widget_type=\"text-editor.default\">\n\t\t\t\t<div class=\"elementor-widget-container\">\n\t\t\t\t\t\t\t\t\t<p>En aquests centres, el m\u00e9s important, \u00e9s tenir un grau \u00f2ptim de desinfecci\u00f3. <strong>Inicia<\/strong>systems\u00ae treballa amb la temperatura i el PH necessaris perqu\u00e8 tots els utensilis rentats quedin en un estat impol\u00b7lut, especialment les <strong>safates Gastronorm<\/strong>.<\/p>\n\t\t\t\t\t\t\t\t<\/div>\n\t\t\t\t<\/div>\n\t\t\t\t\t<\/div>\n\t\t<\/div>\n\t\t\t\t<div class=\"elementor-column elementor-col-33 elementor-inner-column elementor-element elementor-element-7996003\" data-id=\"7996003\" data-element_type=\"column\" data-e-type=\"column\">\n\t\t\t<div class=\"elementor-widget-wrap elementor-element-populated\">\n\t\t\t\t\t\t<div class=\"elementor-element elementor-element-e6df9d5 elementor-widget elementor-widget-image\" data-id=\"e6df9d5\" data-element_type=\"widget\" data-e-type=\"widget\" data-widget_type=\"image.default\">\n\t\t\t\t<div class=\"elementor-widget-container\">\n\t\t\t\t\t\t\t\t\t\t\t\t\t\t\t<img decoding=\"async\" width=\"355\" height=\"128\" src=\"https:\/\/iniciasystems.com\/wp-content\/uploads\/2023\/02\/iconos-sectores-panaderias.png\" class=\"attachment-full size-full wp-image-5432\" alt=\"Lavautensilios para panader\u00edas\" \/>\t\t\t\t\t\t\t\t\t\t\t\t\t\t\t<\/div>\n\t\t\t\t<\/div>\n\t\t\t\t<div class=\"elementor-element elementor-element-9968ee9 elementor-widget elementor-widget-heading\" data-id=\"9968ee9\" data-element_type=\"widget\" data-e-type=\"widget\" data-widget_type=\"heading.default\">\n\t\t\t\t<div class=\"elementor-widget-container\">\n\t\t\t\t\t<h2 class=\"elementor-heading-title elementor-size-default\">Fleques i Pastisseries<\/h2>\t\t\t\t<\/div>\n\t\t\t\t<\/div>\n\t\t\t\t<div class=\"elementor-element elementor-element-753f0e8 elementor-widget elementor-widget-text-editor\" data-id=\"753f0e8\" data-element_type=\"widget\" data-e-type=\"widget\" data-widget_type=\"text-editor.default\">\n\t\t\t\t<div class=\"elementor-widget-container\">\n\t\t\t\t\t\t\t\t\t<p>En els obradors <strong>Inicia<\/strong>systems\u00ae est\u00e0 especialment indicat per a desincrustar la brut\u00edcia dels <strong>motlles de diferents materials<\/strong> i tamb\u00e9 de les <strong>safates<\/strong>, fins i tot les que s\u00f3n <strong>antiadherents<\/strong>, ja que allarga la seva durada sense patir cap mal, quedant completament netes.<\/p>\n\t\t\t\t\t\t\t\t<\/div>\n\t\t\t\t<\/div>\n\t\t\t\t\t<\/div>\n\t\t<\/div>\n\t\t\t\t\t<\/div>\n\t\t<\/section>\n\t\t\t\t<section class=\"elementor-section elementor-inner-section elementor-element elementor-element-512fc63 elementor-section-boxed elementor-section-height-default elementor-section-height-default\" data-id=\"512fc63\" data-element_type=\"section\" data-e-type=\"section\">\n\t\t\t\t\t\t<div class=\"elementor-container elementor-column-gap-default\">\n\t\t\t\t\t<div class=\"elementor-column elementor-col-33 elementor-inner-column elementor-element elementor-element-029bd58\" data-id=\"029bd58\" data-element_type=\"column\" data-e-type=\"column\">\n\t\t\t<div class=\"elementor-widget-wrap elementor-element-populated\">\n\t\t\t\t\t\t<div class=\"elementor-element elementor-element-2472e0e elementor-widget elementor-widget-image\" data-id=\"2472e0e\" data-element_type=\"widget\" data-e-type=\"widget\" data-widget_type=\"image.default\">\n\t\t\t\t<div class=\"elementor-widget-container\">\n\t\t\t\t\t\t\t\t\t\t\t\t\t\t\t<img loading=\"lazy\" decoding=\"async\" width=\"355\" height=\"128\" src=\"https:\/\/iniciasystems.com\/wp-content\/uploads\/2023\/02\/iconos-sectores-industria-alimentaria.png\" class=\"attachment-full size-full wp-image-5429\" alt=\"Lavautensilios desengrasantes para industria alimentaria\" \/>\t\t\t\t\t\t\t\t\t\t\t\t\t\t\t<\/div>\n\t\t\t\t<\/div>\n\t\t\t\t<div class=\"elementor-element elementor-element-f5f483a elementor-widget elementor-widget-heading\" data-id=\"f5f483a\" data-element_type=\"widget\" data-e-type=\"widget\" data-widget_type=\"heading.default\">\n\t\t\t\t<div class=\"elementor-widget-container\">\n\t\t\t\t\t<h2 class=\"elementor-heading-title elementor-size-default\">Ind\u00fastria aliment\u00e0ria i Cuines de producci\u00f3<\/h2>\t\t\t\t<\/div>\n\t\t\t\t<\/div>\n\t\t\t\t<div class=\"elementor-element elementor-element-3c71f77 elementor-widget elementor-widget-text-editor\" data-id=\"3c71f77\" data-element_type=\"widget\" data-e-type=\"widget\" data-widget_type=\"text-editor.default\">\n\t\t\t\t<div class=\"elementor-widget-container\">\n\t\t\t\t\t\t\t\t\t<p><strong>Inicia<\/strong>systems\u00ae disposa de models de <strong>gran capacitat<\/strong> per a aquesta ind\u00fastria, per a netejar els utensilis m\u00e9s grans com a <strong>safates Gastronorm 2\/1<\/strong>, motlles, <strong>filtres de sostres filtrants<\/strong> o qualsevol element met\u00e0l\u00b7lic que necessiti ser rentat o desincrustat.<\/p>\n\t\t\t\t\t\t\t\t<\/div>\n\t\t\t\t<\/div>\n\t\t\t\t\t<\/div>\n\t\t<\/div>\n\t\t\t\t<div class=\"elementor-column elementor-col-33 elementor-inner-column elementor-element elementor-element-de48ee2\" data-id=\"de48ee2\" data-element_type=\"column\" data-e-type=\"column\">\n\t\t\t<div class=\"elementor-widget-wrap elementor-element-populated\">\n\t\t\t\t\t\t<div class=\"elementor-element elementor-element-a91483e elementor-widget elementor-widget-image\" data-id=\"a91483e\" data-element_type=\"widget\" data-e-type=\"widget\" data-widget_type=\"image.default\">\n\t\t\t\t<div class=\"elementor-widget-container\">\n\t\t\t\t\t\t\t\t\t\t\t\t\t\t\t<img loading=\"lazy\" decoding=\"async\" width=\"355\" height=\"128\" src=\"https:\/\/iniciasystems.com\/wp-content\/uploads\/2023\/02\/iconos-sectores-rostisseries.png\" class=\"attachment-full size-full wp-image-5435\" alt=\"Lavautensilios desengrasantes para asadores\" \/>\t\t\t\t\t\t\t\t\t\t\t\t\t\t\t<\/div>\n\t\t\t\t<\/div>\n\t\t\t\t<div class=\"elementor-element elementor-element-372581f elementor-widget elementor-widget-heading\" data-id=\"372581f\" data-element_type=\"widget\" data-e-type=\"widget\" data-widget_type=\"heading.default\">\n\t\t\t\t<div class=\"elementor-widget-container\">\n\t\t\t\t\t<h2 class=\"elementor-heading-title elementor-size-default\">Rostidors i Plats preparats<\/h2>\t\t\t\t<\/div>\n\t\t\t\t<\/div>\n\t\t\t\t<div class=\"elementor-element elementor-element-3ff8a43 elementor-widget elementor-widget-text-editor\" data-id=\"3ff8a43\" data-element_type=\"widget\" data-e-type=\"widget\" data-widget_type=\"text-editor.default\">\n\t\t\t\t<div class=\"elementor-widget-container\">\n\t\t\t\t\t\t\t\t\t<p>En les cuines d&#8217;aquest sector hi ha <strong>brut\u00edcia molt incrustada<\/strong>. <strong>Inicia<\/strong>systems\u00ae neteja sense esfor\u00e7 el <strong>greix en els ganxos<\/strong> de rostir pollastres, les espases, la bateria de cuina, <strong>filtres de campana<\/strong>, etc. El seu negoci tindr\u00e0 sempre un <strong>aspecte brillant<\/strong> de cares al p\u00fablic.<\/p>\n\t\t\t\t\t\t\t\t<\/div>\n\t\t\t\t<\/div>\n\t\t\t\t\t<\/div>\n\t\t<\/div>\n\t\t\t\t<div class=\"elementor-column elementor-col-33 elementor-inner-column elementor-element elementor-element-8bc8a30\" data-id=\"8bc8a30\" data-element_type=\"column\" data-e-type=\"column\">\n\t\t\t<div class=\"elementor-widget-wrap elementor-element-populated\">\n\t\t\t\t\t\t<div class=\"elementor-element elementor-element-978f57c elementor-widget elementor-widget-image\" data-id=\"978f57c\" data-element_type=\"widget\" data-e-type=\"widget\" data-widget_type=\"image.default\">\n\t\t\t\t<div class=\"elementor-widget-container\">\n\t\t\t\t\t\t\t\t\t\t\t\t\t\t\t<img loading=\"lazy\" decoding=\"async\" width=\"355\" height=\"128\" src=\"https:\/\/iniciasystems.com\/wp-content\/uploads\/2023\/02\/iconos-sectores-caterings.png\" class=\"attachment-full size-full wp-image-5420\" alt=\"Lavautensilios para caterings\" \/>\t\t\t\t\t\t\t\t\t\t\t\t\t\t\t<\/div>\n\t\t\t\t<\/div>\n\t\t\t\t<div class=\"elementor-element elementor-element-66141d9 elementor-widget elementor-widget-heading\" data-id=\"66141d9\" data-element_type=\"widget\" data-e-type=\"widget\" data-widget_type=\"heading.default\">\n\t\t\t\t<div class=\"elementor-widget-container\">\n\t\t\t\t\t<h2 class=\"elementor-heading-title elementor-size-default\">C\u00e0terings<\/h2>\t\t\t\t<\/div>\n\t\t\t\t<\/div>\n\t\t\t\t<div class=\"elementor-element elementor-element-0e8a3e9 elementor-widget elementor-widget-text-editor\" data-id=\"0e8a3e9\" data-element_type=\"widget\" data-e-type=\"widget\" data-widget_type=\"text-editor.default\">\n\t\t\t\t<div class=\"elementor-widget-container\">\n\t\t\t\t\t\t\t\t\t<p>En aquest col\u00b7lectiu de gran consum, l&#8217;<strong>estalvi energ\u00e8tic<\/strong> \u00e9s vital. <strong>Inicia<\/strong>systems\u00ae aconsegueix rebaixar fins a un <strong>70% les despeses de rentada<\/strong>. Disposem de models de <strong>gran capacitat<\/strong> per a netejar safates <strong>Gastronorm<\/strong>, sostres filtrants, tota la bateria de cuina, etc.<\/p>\n\t\t\t\t\t\t\t\t<\/div>\n\t\t\t\t<\/div>\n\t\t\t\t\t<\/div>\n\t\t<\/div>\n\t\t\t\t\t<\/div>\n\t\t<\/section>\n\t\t\t\t\t<\/div>\n\t\t<\/div>\n\t\t\t\t\t<\/div>\n\t\t<\/section>\n\t\t\t\t<\/div>\n\t\t","protected":false},"excerpt":{"rendered":"<p>M\u00e0quines desgreixedores per m\u00faltiples sectors Hostaleria i Restauraci\u00f3 Iniciasystems\u00ae en aquest sector est\u00e0 especialment indicat per a rentar sense esfor\u00e7 tota la bateria de cuina, safates Gastronorm, filtres de campana, ferros dels fogons, etc. Alguns utensilis, com les paelles, es presentaran al seu client final en un estat immillorable. Hospitalari i Col\u00b7lectivitats En aquests centres, [&hellip;]<\/p>\n","protected":false},"author":4,"featured_media":0,"parent":0,"menu_order":4,"comment_status":"closed","ping_status":"closed","template":"","meta":{"footnotes":""},"class_list":["post-5444","page","type-page","status-publish","hentry"],"_links":{"self":[{"href":"https:\/\/iniciasystems.com\/ca\/wp-json\/wp\/v2\/pages\/5444","targetHints":{"allow":["GET"]}}],"collection":[{"href":"https:\/\/iniciasystems.com\/ca\/wp-json\/wp\/v2\/pages"}],"about":[{"href":"https:\/\/iniciasystems.com\/ca\/wp-json\/wp\/v2\/types\/page"}],"author":[{"embeddable":true,"href":"https:\/\/iniciasystems.com\/ca\/wp-json\/wp\/v2\/users\/4"}],"replies":[{"embeddable":true,"href":"https:\/\/iniciasystems.com\/ca\/wp-json\/wp\/v2\/comments?post=5444"}],"version-history":[{"count":4,"href":"https:\/\/iniciasystems.com\/ca\/wp-json\/wp\/v2\/pages\/5444\/revisions"}],"predecessor-version":[{"id":5965,"href":"https:\/\/iniciasystems.com\/ca\/wp-json\/wp\/v2\/pages\/5444\/revisions\/5965"}],"wp:attachment":[{"href":"https:\/\/iniciasystems.com\/ca\/wp-json\/wp\/v2\/media?parent=5444"}],"curies":[{"name":"wp","href":"https:\/\/api.w.org\/{rel}","templated":true}]}}