{"id":4031,"date":"2021-04-01T10:36:34","date_gmt":"2021-04-01T08:36:34","guid":{"rendered":"https:\/\/iniciasystems.com\/accessoris\/"},"modified":"2024-05-02T12:41:45","modified_gmt":"2024-05-02T10:41:45","slug":"accessoris-renta-utensilis-industrial","status":"publish","type":"page","link":"https:\/\/iniciasystems.com\/ca\/accessoris-renta-utensilis-industrial\/","title":{"rendered":"Accessoris"},"content":{"rendered":"\t\t<div data-elementor-type=\"wp-page\" data-elementor-id=\"4031\" class=\"elementor elementor-4031 elementor-3516\" data-elementor-post-type=\"page\">\n\t\t\t\t\t\t<section class=\"elementor-section elementor-top-section elementor-element elementor-element-9fcafcd elementor-section-content-top elementor-section-boxed elementor-section-height-default elementor-section-height-default\" data-id=\"9fcafcd\" data-element_type=\"section\" data-e-type=\"section\">\n\t\t\t\t\t\t<div class=\"elementor-container elementor-column-gap-default\">\n\t\t\t\t\t<div class=\"elementor-column elementor-col-100 elementor-top-column elementor-element elementor-element-3a71837\" data-id=\"3a71837\" data-element_type=\"column\" data-e-type=\"column\">\n\t\t\t<div class=\"elementor-widget-wrap elementor-element-populated\">\n\t\t\t\t\t\t<div class=\"elementor-element elementor-element-68953b9 elementor-widget elementor-widget-heading\" data-id=\"68953b9\" data-element_type=\"widget\" data-e-type=\"widget\" data-widget_type=\"heading.default\">\n\t\t\t\t<div class=\"elementor-widget-container\">\n\t\t\t\t\t<h1 class=\"elementor-heading-title elementor-size-default\">Accessoris per al renta utensilis industrial <b>Inicia<\/b>systems\u00ae<\/h1>\t\t\t\t<\/div>\n\t\t\t\t<\/div>\n\t\t\t\t<div class=\"elementor-element elementor-element-a6d09cb elementor-widget elementor-widget-text-editor\" data-id=\"a6d09cb\" data-element_type=\"widget\" data-e-type=\"widget\" data-widget_type=\"text-editor.default\">\n\t\t\t\t<div class=\"elementor-widget-container\">\n\t\t\t\t\t\t\t\t\t<p>Amb la gamma d\u2019accessoris\u00a0<strong>Inicia<\/strong>systems\u00ae pot personalitzar-la facilitant aix\u00ed encara m\u00e9s el seu \u00fas i manteniment. Tamb\u00e9 podem adaptar-la segons els tipus d\u2019utensilis que renti habitualment, fabricant si \u00e9s necessari els accessoris que millor s\u2019adaptin a les seves necessitats.<\/p>\n\t\t\t\t\t\t\t\t<\/div>\n\t\t\t\t<\/div>\n\t\t\t\t\t<\/div>\n\t\t<\/div>\n\t\t\t\t\t<\/div>\n\t\t<\/section>\n\t\t\t\t<section class=\"elementor-section elementor-top-section elementor-element elementor-element-0f36355 elementor-section-content-top elementor-section-boxed elementor-section-height-default elementor-section-height-default\" data-id=\"0f36355\" data-element_type=\"section\" data-e-type=\"section\">\n\t\t\t\t\t\t<div class=\"elementor-container elementor-column-gap-default\">\n\t\t\t\t\t<div class=\"elementor-column elementor-col-100 elementor-top-column elementor-element elementor-element-608136d\" data-id=\"608136d\" data-element_type=\"column\" data-e-type=\"column\">\n\t\t\t<div class=\"elementor-widget-wrap elementor-element-populated\">\n\t\t\t\t\t\t<div class=\"elementor-element elementor-element-8d8e3fc elementor-widget elementor-widget-heading\" data-id=\"8d8e3fc\" data-element_type=\"widget\" data-e-type=\"widget\" data-widget_type=\"heading.default\">\n\t\t\t\t<div class=\"elementor-widget-container\">\n\t\t\t\t\t<h2 class=\"elementor-heading-title elementor-size-default\">Entrada d'aigua autom\u00e0tica<\/h2>\t\t\t\t<\/div>\n\t\t\t\t<\/div>\n\t\t\t\t<div class=\"elementor-element elementor-element-fb31ae2 elementor-widget elementor-widget-text-editor\" data-id=\"fb31ae2\" data-element_type=\"widget\" data-e-type=\"widget\" data-widget_type=\"text-editor.default\">\n\t\t\t\t<div class=\"elementor-widget-container\">\n\t\t\t\t\t\t\t\t\t<p>Sistema d\u2019ompliment autom\u00e0tic d\u2019aigua, emplena d\u2019aigua autom\u00e0ticament el dip\u00f2sit a trav\u00e9s d\u2019un polsador. L\u2019entrada d\u2019aigua s\u2019aturar\u00e0 sola quan aquesta hagi arribat al nivell m\u00e0xim.<\/p>\n\t\t\t\t\t\t\t\t<\/div>\n\t\t\t\t<\/div>\n\t\t\t\t<section class=\"elementor-section elementor-inner-section elementor-element elementor-element-f3a176d elementor-section-boxed elementor-section-height-default elementor-section-height-default\" data-id=\"f3a176d\" data-element_type=\"section\" data-e-type=\"section\">\n\t\t\t\t\t\t<div class=\"elementor-container elementor-column-gap-default\">\n\t\t\t\t\t<div class=\"elementor-column elementor-col-50 elementor-inner-column elementor-element elementor-element-1111f19\" data-id=\"1111f19\" data-element_type=\"column\" data-e-type=\"column\">\n\t\t\t<div class=\"elementor-widget-wrap elementor-element-populated\">\n\t\t\t\t\t\t<div class=\"elementor-element elementor-element-9ed26b7 elementor-widget elementor-widget-image\" data-id=\"9ed26b7\" data-element_type=\"widget\" data-e-type=\"widget\" data-widget_type=\"image.default\">\n\t\t\t\t<div class=\"elementor-widget-container\">\n\t\t\t\t\t\t\t\t\t\t\t\t\t\t\t<img fetchpriority=\"high\" decoding=\"async\" width=\"800\" height=\"450\" src=\"https:\/\/iniciasystems.com\/wp-content\/uploads\/2022\/10\/entrada-agua-automatica-01.jpg\" class=\"attachment-large size-large wp-image-5317\" alt=\"\" \/>\t\t\t\t\t\t\t\t\t\t\t\t\t\t\t<\/div>\n\t\t\t\t<\/div>\n\t\t\t\t\t<\/div>\n\t\t<\/div>\n\t\t\t\t<div class=\"elementor-column elementor-col-50 elementor-inner-column elementor-element elementor-element-54a9840\" data-id=\"54a9840\" data-element_type=\"column\" data-e-type=\"column\">\n\t\t\t<div class=\"elementor-widget-wrap elementor-element-populated\">\n\t\t\t\t\t\t<div class=\"elementor-element elementor-element-e83e134 elementor-widget elementor-widget-image\" data-id=\"e83e134\" data-element_type=\"widget\" data-e-type=\"widget\" data-widget_type=\"image.default\">\n\t\t\t\t<div class=\"elementor-widget-container\">\n\t\t\t\t\t\t\t\t\t\t\t\t\t\t\t<img decoding=\"async\" width=\"800\" height=\"450\" src=\"https:\/\/iniciasystems.com\/wp-content\/uploads\/2022\/10\/entrada-agua-automatica-02.jpg\" class=\"attachment-large size-large wp-image-5320\" alt=\"\" \/>\t\t\t\t\t\t\t\t\t\t\t\t\t\t\t<\/div>\n\t\t\t\t<\/div>\n\t\t\t\t\t<\/div>\n\t\t<\/div>\n\t\t\t\t\t<\/div>\n\t\t<\/section>\n\t\t\t\t<section class=\"elementor-section elementor-inner-section elementor-element elementor-element-ed0aa0f elementor-section-boxed elementor-section-height-default elementor-section-height-default\" data-id=\"ed0aa0f\" data-element_type=\"section\" data-e-type=\"section\">\n\t\t\t\t\t\t<div class=\"elementor-container elementor-column-gap-default\">\n\t\t\t\t\t<div class=\"elementor-column elementor-col-100 elementor-inner-column elementor-element elementor-element-31cffaf\" data-id=\"31cffaf\" data-element_type=\"column\" data-e-type=\"column\">\n\t\t\t<div class=\"elementor-widget-wrap elementor-element-populated\">\n\t\t\t\t\t\t<div class=\"elementor-element elementor-element-7ef1c96 elementor-widget elementor-widget-text-editor\" data-id=\"7ef1c96\" data-element_type=\"widget\" data-e-type=\"widget\" data-widget_type=\"text-editor.default\">\n\t\t\t\t<div class=\"elementor-widget-container\">\n\t\t\t\t\t\t\t\t\t<p>Facilita la neteja. En canviar l\u2019aigua i el termo actiu pot esbandir el fons d\u2019<strong>Inicia<\/strong>systems\u00ae durant uns minuts sense esfor\u00e7 per a la seva neteja peri\u00f2dica de manteniment.<\/p>\n\t\t\t\t\t\t\t\t<\/div>\n\t\t\t\t<\/div>\n\t\t\t\t\t<\/div>\n\t\t<\/div>\n\t\t\t\t\t<\/div>\n\t\t<\/section>\n\t\t\t\t\t<\/div>\n\t\t<\/div>\n\t\t\t\t\t<\/div>\n\t\t<\/section>\n\t\t\t\t<section class=\"elementor-section elementor-top-section elementor-element elementor-element-83ebc44 elementor-section-content-top elementor-section-boxed elementor-section-height-default elementor-section-height-default\" data-id=\"83ebc44\" data-element_type=\"section\" data-e-type=\"section\">\n\t\t\t\t\t\t<div class=\"elementor-container elementor-column-gap-default\">\n\t\t\t\t\t<div class=\"elementor-column elementor-col-100 elementor-top-column elementor-element elementor-element-c560564\" data-id=\"c560564\" data-element_type=\"column\" data-e-type=\"column\">\n\t\t\t<div class=\"elementor-widget-wrap elementor-element-populated\">\n\t\t\t\t\t\t<div class=\"elementor-element elementor-element-d71d352 elementor-widget elementor-widget-heading\" data-id=\"d71d352\" data-element_type=\"widget\" data-e-type=\"widget\" data-widget_type=\"heading.default\">\n\t\t\t\t<div class=\"elementor-widget-container\">\n\t\t\t\t\t<h2 class=\"elementor-heading-title elementor-size-default\">Suport per a safates Gastronorm<\/h2>\t\t\t\t<\/div>\n\t\t\t\t<\/div>\n\t\t\t\t<div class=\"elementor-element elementor-element-43b128a elementor-widget elementor-widget-text-editor\" data-id=\"43b128a\" data-element_type=\"widget\" data-e-type=\"widget\" data-widget_type=\"text-editor.default\">\n\t\t\t\t<div class=\"elementor-widget-container\">\n\t\t\t\t\t\t\t\t\t<p>Accessori per a optimitzar al m\u00e0xim la capacitat de la seva\u00a0<strong>Inicia<\/strong>systems\u00ae en la rentada de safates GN. Constru\u00eft \u00edntegrament en acer inoxidable AISI 304 18\/10, facilita la col\u00b7locaci\u00f3 de les safates gastronorm en posici\u00f3 vertical i la posterior extracci\u00f3 dels utensilis c\u00f2modament.<\/p>\n\t\t\t\t\t\t\t\t<\/div>\n\t\t\t\t<\/div>\n\t\t\t\t<section class=\"elementor-section elementor-inner-section elementor-element elementor-element-e6fbd9f elementor-section-boxed elementor-section-height-default elementor-section-height-default\" data-id=\"e6fbd9f\" data-element_type=\"section\" data-e-type=\"section\">\n\t\t\t\t\t\t<div class=\"elementor-container elementor-column-gap-default\">\n\t\t\t\t\t<div class=\"elementor-column elementor-col-50 elementor-inner-column elementor-element elementor-element-69afc0a\" data-id=\"69afc0a\" data-element_type=\"column\" data-e-type=\"column\">\n\t\t\t<div class=\"elementor-widget-wrap elementor-element-populated\">\n\t\t\t\t\t\t<div class=\"elementor-element elementor-element-b9ac2e1 elementor-widget elementor-widget-image\" data-id=\"b9ac2e1\" data-element_type=\"widget\" data-e-type=\"widget\" data-widget_type=\"image.default\">\n\t\t\t\t<div class=\"elementor-widget-container\">\n\t\t\t\t\t\t\t\t\t\t\t\t\t\t\t<img decoding=\"async\" width=\"768\" height=\"432\" src=\"https:\/\/iniciasystems.com\/wp-content\/uploads\/2022\/10\/soporte-bandejas-gastronorm-01.jpg\" class=\"attachment-medium_large size-medium_large wp-image-5328\" alt=\"\" \/>\t\t\t\t\t\t\t\t\t\t\t\t\t\t\t<\/div>\n\t\t\t\t<\/div>\n\t\t\t\t\t<\/div>\n\t\t<\/div>\n\t\t\t\t<div class=\"elementor-column elementor-col-50 elementor-inner-column elementor-element elementor-element-7537534\" data-id=\"7537534\" data-element_type=\"column\" data-e-type=\"column\">\n\t\t\t<div class=\"elementor-widget-wrap elementor-element-populated\">\n\t\t\t\t\t\t<div class=\"elementor-element elementor-element-1bb3424 elementor-widget elementor-widget-image\" data-id=\"1bb3424\" data-element_type=\"widget\" data-e-type=\"widget\" data-widget_type=\"image.default\">\n\t\t\t\t<div class=\"elementor-widget-container\">\n\t\t\t\t\t\t\t\t\t\t\t\t\t\t\t<img loading=\"lazy\" decoding=\"async\" width=\"768\" height=\"432\" src=\"https:\/\/iniciasystems.com\/wp-content\/uploads\/2022\/10\/soporte-bandejas-gastronorm-02.jpg\" class=\"attachment-medium_large size-medium_large wp-image-5331\" alt=\"\" \/>\t\t\t\t\t\t\t\t\t\t\t\t\t\t\t<\/div>\n\t\t\t\t<\/div>\n\t\t\t\t\t<\/div>\n\t\t<\/div>\n\t\t\t\t\t<\/div>\n\t\t<\/section>\n\t\t\t\t\t<\/div>\n\t\t<\/div>\n\t\t\t\t\t<\/div>\n\t\t<\/section>\n\t\t\t\t<section class=\"elementor-section elementor-top-section elementor-element elementor-element-86f8c95 elementor-section-content-top elementor-section-boxed elementor-section-height-default elementor-section-height-default\" data-id=\"86f8c95\" data-element_type=\"section\" data-e-type=\"section\">\n\t\t\t\t\t\t<div class=\"elementor-container elementor-column-gap-default\">\n\t\t\t\t\t<div class=\"elementor-column elementor-col-100 elementor-top-column elementor-element elementor-element-91afc69\" data-id=\"91afc69\" data-element_type=\"column\" data-e-type=\"column\">\n\t\t\t<div class=\"elementor-widget-wrap elementor-element-populated\">\n\t\t\t\t\t\t<div class=\"elementor-element elementor-element-b5a5c14 elementor-widget elementor-widget-heading\" data-id=\"b5a5c14\" data-element_type=\"widget\" data-e-type=\"widget\" data-widget_type=\"heading.default\">\n\t\t\t\t<div class=\"elementor-widget-container\">\n\t\t\t\t\t<h2 class=\"elementor-heading-title elementor-size-default\">Tapa abatible per a models A<\/h2>\t\t\t\t<\/div>\n\t\t\t\t<\/div>\n\t\t\t\t<div class=\"elementor-element elementor-element-538836e elementor-widget elementor-widget-text-editor\" data-id=\"538836e\" data-element_type=\"widget\" data-e-type=\"widget\" data-widget_type=\"text-editor.default\">\n\t\t\t\t<div class=\"elementor-widget-container\">\n\t\t\t\t\t\t\t\t\t<p>Amb aquest accessori podr\u00e0 introduir els utensilis en els models A sense necessitat de pujar la cistella interior, fent el treball de rentada m\u00e9s pr\u00e0ctic. Fabricada \u00edntegrament en acer inoxidable AISI 304 18\/10. Amb pistons d\u2019alta qualitat que suporten la temperatura de treball d\u2019<strong>Inicia<\/strong>systems\u00ae.<\/p>\n\t\t\t\t\t\t\t\t<\/div>\n\t\t\t\t<\/div>\n\t\t\t\t<section class=\"elementor-section elementor-inner-section elementor-element elementor-element-21995d1 elementor-section-boxed elementor-section-height-default elementor-section-height-default\" data-id=\"21995d1\" data-element_type=\"section\" data-e-type=\"section\">\n\t\t\t\t\t\t<div class=\"elementor-container elementor-column-gap-default\">\n\t\t\t\t\t<div class=\"elementor-column elementor-col-50 elementor-inner-column elementor-element elementor-element-bb12dcc\" data-id=\"bb12dcc\" data-element_type=\"column\" data-e-type=\"column\">\n\t\t\t<div class=\"elementor-widget-wrap elementor-element-populated\">\n\t\t\t\t\t\t<div class=\"elementor-element elementor-element-2c033a0 elementor-widget elementor-widget-image\" data-id=\"2c033a0\" data-element_type=\"widget\" data-e-type=\"widget\" data-widget_type=\"image.default\">\n\t\t\t\t<div class=\"elementor-widget-container\">\n\t\t\t\t\t\t\t\t\t\t\t\t\t\t\t<img loading=\"lazy\" decoding=\"async\" width=\"768\" height=\"432\" src=\"https:\/\/iniciasystems.com\/wp-content\/uploads\/2022\/10\/tapa-abatible-modelas-a-01.jpg\" class=\"attachment-medium_large size-medium_large wp-image-5337\" alt=\"\" \/>\t\t\t\t\t\t\t\t\t\t\t\t\t\t\t<\/div>\n\t\t\t\t<\/div>\n\t\t\t\t\t<\/div>\n\t\t<\/div>\n\t\t\t\t<div class=\"elementor-column elementor-col-50 elementor-inner-column elementor-element elementor-element-a21dc86\" data-id=\"a21dc86\" data-element_type=\"column\" data-e-type=\"column\">\n\t\t\t<div class=\"elementor-widget-wrap elementor-element-populated\">\n\t\t\t\t\t\t<div class=\"elementor-element elementor-element-c9658e5 elementor-widget elementor-widget-image\" data-id=\"c9658e5\" data-element_type=\"widget\" data-e-type=\"widget\" data-widget_type=\"image.default\">\n\t\t\t\t<div class=\"elementor-widget-container\">\n\t\t\t\t\t\t\t\t\t\t\t\t\t\t\t<img loading=\"lazy\" decoding=\"async\" width=\"768\" height=\"432\" src=\"https:\/\/iniciasystems.com\/wp-content\/uploads\/2022\/10\/tapa-abatible-modelas-a-02.jpg\" class=\"attachment-medium_large size-medium_large wp-image-5334\" alt=\"\" \/>\t\t\t\t\t\t\t\t\t\t\t\t\t\t\t<\/div>\n\t\t\t\t<\/div>\n\t\t\t\t\t<\/div>\n\t\t<\/div>\n\t\t\t\t\t<\/div>\n\t\t<\/section>\n\t\t\t\t\t<\/div>\n\t\t<\/div>\n\t\t\t\t\t<\/div>\n\t\t<\/section>\n\t\t\t\t<section class=\"elementor-section elementor-top-section elementor-element elementor-element-93227f1 elementor-section-content-top elementor-section-boxed elementor-section-height-default elementor-section-height-default\" data-id=\"93227f1\" data-element_type=\"section\" data-e-type=\"section\">\n\t\t\t\t\t\t<div class=\"elementor-container elementor-column-gap-default\">\n\t\t\t\t\t<div class=\"elementor-column elementor-col-100 elementor-top-column elementor-element elementor-element-cb85471\" data-id=\"cb85471\" data-element_type=\"column\" data-e-type=\"column\">\n\t\t\t<div class=\"elementor-widget-wrap elementor-element-populated\">\n\t\t\t\t\t\t<div class=\"elementor-element elementor-element-b6d101d elementor-widget elementor-widget-heading\" data-id=\"b6d101d\" data-element_type=\"widget\" data-e-type=\"widget\" data-widget_type=\"heading.default\">\n\t\t\t\t<div class=\"elementor-widget-container\">\n\t\t\t\t\t<h2 class=\"elementor-heading-title elementor-size-default\">Kit per a desguassar Iniciasystems\u00ae<\/h2>\t\t\t\t<\/div>\n\t\t\t\t<\/div>\n\t\t\t\t<div class=\"elementor-element elementor-element-4e1d566 elementor-widget elementor-widget-text-editor\" data-id=\"4e1d566\" data-element_type=\"widget\" data-e-type=\"widget\" data-widget_type=\"text-editor.default\">\n\t\t\t\t<div class=\"elementor-widget-container\">\n\t\t\t\t\t\t\t\t\t<p>Amb aquest accessori, podr\u00e0 desguassar c\u00f2modament el dip\u00f2sit d\u2019<strong>Inicia<\/strong>systems\u00ae si no disposa d\u2019un desgu\u00e0s a nivell 0. El kit de desgu\u00e0s inclou la bomba de desgu\u00e0s, la m\u00e0nega d\u2019entrada d\u2019un metre amb la connexi\u00f3 al desgu\u00e0s d\u2019<strong>Inicia<\/strong>systems\u00ae i una m\u00e0nega de sortida de 3 metres.<\/p>\n\t\t\t\t\t\t\t\t<\/div>\n\t\t\t\t<\/div>\n\t\t\t\t\t<\/div>\n\t\t<\/div>\n\t\t\t\t\t<\/div>\n\t\t<\/section>\n\t\t\t\t<section class=\"elementor-section elementor-top-section elementor-element elementor-element-831e978 elementor-section-full_width elementor-section-height-default elementor-section-height-default\" data-id=\"831e978\" data-element_type=\"section\" data-e-type=\"section\" data-settings=\"{&quot;background_background&quot;:&quot;classic&quot;}\">\n\t\t\t\t\t\t<div class=\"elementor-container elementor-column-gap-no\">\n\t\t\t\t\t<div class=\"elementor-column elementor-col-100 elementor-top-column elementor-element elementor-element-02b5e1b\" data-id=\"02b5e1b\" data-element_type=\"column\" data-e-type=\"column\">\n\t\t\t<div class=\"elementor-widget-wrap elementor-element-populated\">\n\t\t\t\t\t\t<div class=\"elementor-element elementor-element-decd0cb elementor-widget elementor-widget-image\" data-id=\"decd0cb\" data-element_type=\"widget\" data-e-type=\"widget\" data-widget_type=\"image.default\">\n\t\t\t\t<div class=\"elementor-widget-container\">\n\t\t\t\t\t\t\t\t\t\t\t\t\t\t\t<img loading=\"lazy\" decoding=\"async\" width=\"1920\" height=\"600\" src=\"https:\/\/iniciasystems.com\/wp-content\/uploads\/2021\/03\/shutterstock_530416276-2.jpg\" class=\"attachment-full size-full wp-image-3626\" alt=\"accesorios lavautensilios industrial Iniciasystems\" \/>\t\t\t\t\t\t\t\t\t\t\t\t\t\t\t<\/div>\n\t\t\t\t<\/div>\n\t\t\t\t\t<\/div>\n\t\t<\/div>\n\t\t\t\t\t<\/div>\n\t\t<\/section>\n\t\t\t\t<\/div>\n\t\t","protected":false},"excerpt":{"rendered":"<p>Accessoris per al renta utensilis industrial Iniciasystems\u00ae Amb la gamma d\u2019accessoris\u00a0Iniciasystems\u00ae pot personalitzar-la facilitant aix\u00ed encara m\u00e9s el seu \u00fas i manteniment. Tamb\u00e9 podem adaptar-la segons els tipus d\u2019utensilis que renti habitualment, fabricant si \u00e9s necessari els accessoris que millor s\u2019adaptin a les seves necessitats. Entrada d&#8217;aigua autom\u00e0tica Sistema d\u2019ompliment autom\u00e0tic d\u2019aigua, emplena d\u2019aigua autom\u00e0ticament [&hellip;]<\/p>\n","protected":false},"author":4,"featured_media":0,"parent":0,"menu_order":14,"comment_status":"closed","ping_status":"closed","template":"","meta":{"footnotes":""},"class_list":["post-4031","page","type-page","status-publish","hentry"],"_links":{"self":[{"href":"https:\/\/iniciasystems.com\/ca\/wp-json\/wp\/v2\/pages\/4031","targetHints":{"allow":["GET"]}}],"collection":[{"href":"https:\/\/iniciasystems.com\/ca\/wp-json\/wp\/v2\/pages"}],"about":[{"href":"https:\/\/iniciasystems.com\/ca\/wp-json\/wp\/v2\/types\/page"}],"author":[{"embeddable":true,"href":"https:\/\/iniciasystems.com\/ca\/wp-json\/wp\/v2\/users\/4"}],"replies":[{"embeddable":true,"href":"https:\/\/iniciasystems.com\/ca\/wp-json\/wp\/v2\/comments?post=4031"}],"version-history":[{"count":2,"href":"https:\/\/iniciasystems.com\/ca\/wp-json\/wp\/v2\/pages\/4031\/revisions"}],"predecessor-version":[{"id":6007,"href":"https:\/\/iniciasystems.com\/ca\/wp-json\/wp\/v2\/pages\/4031\/revisions\/6007"}],"wp:attachment":[{"href":"https:\/\/iniciasystems.com\/ca\/wp-json\/wp\/v2\/media?parent=4031"}],"curies":[{"name":"wp","href":"https:\/\/api.w.org\/{rel}","templated":true}]}}