{"id":2839,"date":"2021-01-14T10:16:14","date_gmt":"2021-01-14T09:16:14","guid":{"rendered":"https:\/\/iniciasystems.com\/termoactius\/"},"modified":"2024-06-10T14:44:46","modified_gmt":"2024-06-10T12:44:46","slug":"termoactius-renta-utensilis-industrial","status":"publish","type":"page","link":"https:\/\/iniciasystems.com\/ca\/termoactius-renta-utensilis-industrial\/","title":{"rendered":"Termoactius"},"content":{"rendered":"\t\t<div data-elementor-type=\"wp-page\" data-elementor-id=\"2839\" class=\"elementor elementor-2839 elementor-2502\" data-elementor-post-type=\"page\">\n\t\t\t\t\t\t<section class=\"elementor-section elementor-top-section elementor-element elementor-element-a07ac09 elementor-section-content-top elementor-section-boxed elementor-section-height-default elementor-section-height-default\" data-id=\"a07ac09\" data-element_type=\"section\" data-e-type=\"section\">\n\t\t\t\t\t\t<div class=\"elementor-container elementor-column-gap-default\">\n\t\t\t\t\t<div class=\"elementor-column elementor-col-100 elementor-top-column elementor-element elementor-element-088c26e\" data-id=\"088c26e\" data-element_type=\"column\" data-e-type=\"column\">\n\t\t\t<div class=\"elementor-widget-wrap elementor-element-populated\">\n\t\t\t\t\t\t<div class=\"elementor-element elementor-element-9758967 elementor-widget elementor-widget-heading\" data-id=\"9758967\" data-element_type=\"widget\" data-e-type=\"widget\" data-widget_type=\"heading.default\">\n\t\t\t\t<div class=\"elementor-widget-container\">\n\t\t\t\t\t<h1 class=\"elementor-heading-title elementor-size-default\">Desincrustants termo actius <b>Inicia<\/b>systems\u00ae<\/h1>\t\t\t\t<\/div>\n\t\t\t\t<\/div>\n\t\t\t\t<div class=\"elementor-element elementor-element-65774df elementor-widget elementor-widget-text-editor\" data-id=\"65774df\" data-element_type=\"widget\" data-e-type=\"widget\" data-widget_type=\"text-editor.default\">\n\t\t\t\t<div class=\"elementor-widget-container\">\n\t\t\t\t\t\t\t\t\t<p>Els nostres exclusius desincrustants d\u2019alt rendiment eliminen els greixos de manera segura; no contenen sosa c\u00e0ustica ni productes cancer\u00edgens com l\u2019NTA, ni tampoc fosfats, fenols, \u00e0cids o tensioactius perjudicials per al medi aqu\u00e0tic. Els seus humectants i tensioactius s\u00f3n d\u2019origen vegetal, derivats del sucre i la glucosa.<\/p>\n\t\t\t\t\t\t\t\t<\/div>\n\t\t\t\t<\/div>\n\t\t\t\t\t<\/div>\n\t\t<\/div>\n\t\t\t\t\t<\/div>\n\t\t<\/section>\n\t\t\t\t<section class=\"elementor-section elementor-top-section elementor-element elementor-element-88267dd elementor-section-full_width elementor-section-height-default elementor-section-height-default\" data-id=\"88267dd\" data-element_type=\"section\" data-e-type=\"section\" data-settings=\"{&quot;background_background&quot;:&quot;classic&quot;}\">\n\t\t\t\t\t\t<div class=\"elementor-container elementor-column-gap-no\">\n\t\t\t\t\t<div class=\"elementor-column elementor-col-100 elementor-top-column elementor-element elementor-element-c55ed95\" data-id=\"c55ed95\" data-element_type=\"column\" data-e-type=\"column\">\n\t\t\t<div class=\"elementor-widget-wrap elementor-element-populated\">\n\t\t\t\t\t\t<div class=\"elementor-element elementor-element-3c1d9c3 elementor-widget elementor-widget-image\" data-id=\"3c1d9c3\" data-element_type=\"widget\" data-e-type=\"widget\" data-widget_type=\"image.default\">\n\t\t\t\t<div class=\"elementor-widget-container\">\n\t\t\t\t\t\t\t\t\t\t\t\t\t\t\t<img fetchpriority=\"high\" decoding=\"async\" width=\"1920\" height=\"600\" src=\"https:\/\/iniciasystems.com\/wp-content\/uploads\/2021\/01\/foto-aigua.jpg\" class=\"attachment-full size-full wp-image-2661\" alt=\"m\u00e1xima limpieza e higiene con los desengrasantes iniciasystems\" \/>\t\t\t\t\t\t\t\t\t\t\t\t\t\t\t<\/div>\n\t\t\t\t<\/div>\n\t\t\t\t\t<\/div>\n\t\t<\/div>\n\t\t\t\t\t<\/div>\n\t\t<\/section>\n\t\t\t\t<section class=\"elementor-section elementor-top-section elementor-element elementor-element-f29d4c8 elementor-section-boxed elementor-section-height-default elementor-section-height-default\" data-id=\"f29d4c8\" data-element_type=\"section\" data-e-type=\"section\">\n\t\t\t\t\t\t<div class=\"elementor-container elementor-column-gap-default\">\n\t\t\t\t\t<div class=\"elementor-column elementor-col-25 elementor-top-column elementor-element elementor-element-cfd84f2\" data-id=\"cfd84f2\" data-element_type=\"column\" data-e-type=\"column\">\n\t\t\t<div class=\"elementor-widget-wrap elementor-element-populated\">\n\t\t\t\t\t\t<div class=\"elementor-element elementor-element-b5991f0 elementor-widget elementor-widget-heading\" data-id=\"b5991f0\" data-element_type=\"widget\" data-e-type=\"widget\" data-widget_type=\"heading.default\">\n\t\t\t\t<div class=\"elementor-widget-container\">\n\t\t\t\t\t<p class=\"elementor-heading-title elementor-size-default\">Premium L40<\/p>\t\t\t\t<\/div>\n\t\t\t\t<\/div>\n\t\t\t\t<div class=\"elementor-element elementor-element-803bbc0 elementor-widget elementor-widget-image\" data-id=\"803bbc0\" data-element_type=\"widget\" data-e-type=\"widget\" data-widget_type=\"image.default\">\n\t\t\t\t<div class=\"elementor-widget-container\">\n\t\t\t\t\t\t\t\t\t\t\t\t\t\t\t<img decoding=\"async\" width=\"1000\" height=\"667\" src=\"https:\/\/iniciasystems.com\/wp-content\/uploads\/2021\/02\/Termoactiu-groc.jpg\" class=\"attachment-full size-full wp-image-3236\" alt=\"per renta utensilis industrial Iniciasystems\" \/>\t\t\t\t\t\t\t\t\t\t\t\t\t\t\t<\/div>\n\t\t\t\t<\/div>\n\t\t\t\t<div class=\"elementor-element elementor-element-d3b287a elementor-widget elementor-widget-text-editor\" data-id=\"d3b287a\" data-element_type=\"widget\" data-e-type=\"widget\" data-widget_type=\"text-editor.default\">\n\t\t\t\t<div class=\"elementor-widget-container\">\n\t\t\t\t\t\t\t\t\t<ul>\n<li>Multi\u00fas Antical\u00e7<\/li>\n<li>Llarga durabilitat<\/li>\n<li>M\u00e0xima efic\u00e0cia desincrustant<\/li>\n<li>Fabricat amb base alcalina de metasilicat<\/li>\n<li>Additiu per protegir els metalls<\/li>\n<li>Termo actiu biodegradable de color groc<\/li>\n<\/ul>\n\t\t\t\t\t\t\t\t<\/div>\n\t\t\t\t<\/div>\n\t\t\t\t\t<\/div>\n\t\t<\/div>\n\t\t\t\t<div class=\"elementor-column elementor-col-25 elementor-top-column elementor-element elementor-element-7102c95\" data-id=\"7102c95\" data-element_type=\"column\" data-e-type=\"column\">\n\t\t\t<div class=\"elementor-widget-wrap elementor-element-populated\">\n\t\t\t\t\t\t<div class=\"elementor-element elementor-element-2aa8a0a elementor-widget elementor-widget-heading\" data-id=\"2aa8a0a\" data-element_type=\"widget\" data-e-type=\"widget\" data-widget_type=\"heading.default\">\n\t\t\t\t<div class=\"elementor-widget-container\">\n\t\t\t\t\t<p class=\"elementor-heading-title elementor-size-default\">Premium L30<\/p>\t\t\t\t<\/div>\n\t\t\t\t<\/div>\n\t\t\t\t<div class=\"elementor-element elementor-element-2c962b1 elementor-widget elementor-widget-image\" data-id=\"2c962b1\" data-element_type=\"widget\" data-e-type=\"widget\" data-widget_type=\"image.default\">\n\t\t\t\t<div class=\"elementor-widget-container\">\n\t\t\t\t\t\t\t\t\t\t\t\t\t\t\t<img decoding=\"async\" width=\"1000\" height=\"667\" src=\"https:\/\/iniciasystems.com\/wp-content\/uploads\/2021\/02\/Termoactiu-vermell.jpg\" class=\"attachment-full size-full wp-image-3242\" alt=\"Termo actiu per renta utensilis industrial Iniciasystems\" \/>\t\t\t\t\t\t\t\t\t\t\t\t\t\t\t<\/div>\n\t\t\t\t<\/div>\n\t\t\t\t<div class=\"elementor-element elementor-element-902ed74 elementor-widget elementor-widget-text-editor\" data-id=\"902ed74\" data-element_type=\"widget\" data-e-type=\"widget\" data-widget_type=\"text-editor.default\">\n\t\t\t\t<div class=\"elementor-widget-container\">\n\t\t\t\t\t\t\t\t\t<ul>\n<li>Antical<\/li>\n<li>\u00das exclusiu per utensilis d\u2019acer inoxidable<\/li>\n<li>Llarga durabilitat<\/li>\n<li>M\u00e0xima efic\u00e0cia desincrustant<\/li>\n<li>Fabricat amb base alcalina de metasilicat<\/li>\n<li>Additiu per protegir els metalls<\/li>\n<li>Termo actiu biodegradable de color vermell<\/li>\n<\/ul>\n\t\t\t\t\t\t\t\t<\/div>\n\t\t\t\t<\/div>\n\t\t\t\t\t<\/div>\n\t\t<\/div>\n\t\t\t\t<div class=\"elementor-column elementor-col-25 elementor-top-column elementor-element elementor-element-aa30430\" data-id=\"aa30430\" data-element_type=\"column\" data-e-type=\"column\">\n\t\t\t<div class=\"elementor-widget-wrap elementor-element-populated\">\n\t\t\t\t\t\t<div class=\"elementor-element elementor-element-58cfcac elementor-widget elementor-widget-heading\" data-id=\"58cfcac\" data-element_type=\"widget\" data-e-type=\"widget\" data-widget_type=\"heading.default\">\n\t\t\t\t<div class=\"elementor-widget-container\">\n\t\t\t\t\t<p class=\"elementor-heading-title elementor-size-default\">Basic L40<\/p>\t\t\t\t<\/div>\n\t\t\t\t<\/div>\n\t\t\t\t<div class=\"elementor-element elementor-element-3a71739 elementor-widget elementor-widget-image\" data-id=\"3a71739\" data-element_type=\"widget\" data-e-type=\"widget\" data-widget_type=\"image.default\">\n\t\t\t\t<div class=\"elementor-widget-container\">\n\t\t\t\t\t\t\t\t\t\t\t\t\t\t\t<img loading=\"lazy\" decoding=\"async\" width=\"1000\" height=\"667\" src=\"https:\/\/iniciasystems.com\/wp-content\/uploads\/2021\/02\/Termoactiu-verd.jpg\" class=\"attachment-full size-full wp-image-3239\" alt=\"per renta utensilis industrial Iniciasystems\" \/>\t\t\t\t\t\t\t\t\t\t\t\t\t\t\t<\/div>\n\t\t\t\t<\/div>\n\t\t\t\t<div class=\"elementor-element elementor-element-698d7e1 elementor-widget elementor-widget-text-editor\" data-id=\"698d7e1\" data-element_type=\"widget\" data-e-type=\"widget\" data-widget_type=\"text-editor.default\">\n\t\t\t\t<div class=\"elementor-widget-container\">\n\t\t\t\t\t\t\t\t\t<ul>\n<li>Multi\u00fas Antical\u00e7<\/li>\n<li>Econ\u00f2mic<\/li>\n<li>M\u00e0xima seguretat<\/li>\n<li>Termo actiu biodegradable de color verd<\/li>\n<li>Fabricat amb base alcalina de potassa<\/li>\n<\/ul>\n\t\t\t\t\t\t\t\t<\/div>\n\t\t\t\t<\/div>\n\t\t\t\t\t<\/div>\n\t\t<\/div>\n\t\t\t\t<div class=\"elementor-column elementor-col-25 elementor-top-column elementor-element elementor-element-7197e64\" data-id=\"7197e64\" data-element_type=\"column\" data-e-type=\"column\">\n\t\t\t<div class=\"elementor-widget-wrap elementor-element-populated\">\n\t\t\t\t\t\t<div class=\"elementor-element elementor-element-497f0e9 elementor-widget elementor-widget-image\" data-id=\"497f0e9\" data-element_type=\"widget\" data-e-type=\"widget\" data-widget_type=\"image.default\">\n\t\t\t\t<div class=\"elementor-widget-container\">\n\t\t\t\t\t\t\t\t\t\t\t\t\t\t\t<img loading=\"lazy\" decoding=\"async\" width=\"150\" height=\"150\" src=\"https:\/\/iniciasystems.com\/wp-content\/uploads\/2022\/02\/logo-ecofriendly-150x150.png\" class=\"attachment-thumbnail size-thumbnail wp-image-4392\" alt=\"\" srcset=\"https:\/\/iniciasystems.com\/wp-content\/uploads\/2022\/02\/logo-ecofriendly-150x150.png 150w, https:\/\/iniciasystems.com\/wp-content\/uploads\/2022\/02\/logo-ecofriendly.png 300w\" sizes=\"(max-width: 150px) 100vw, 150px\" \/>\t\t\t\t\t\t\t\t\t\t\t\t\t\t\t<\/div>\n\t\t\t\t<\/div>\n\t\t\t\t<div class=\"elementor-element elementor-element-8776fd3 elementor-widget elementor-widget-spacer\" data-id=\"8776fd3\" data-element_type=\"widget\" data-e-type=\"widget\" data-widget_type=\"spacer.default\">\n\t\t\t\t<div class=\"elementor-widget-container\">\n\t\t\t\t\t\t\t<div class=\"elementor-spacer\">\n\t\t\t<div class=\"elementor-spacer-inner\"><\/div>\n\t\t<\/div>\n\t\t\t\t\t\t<\/div>\n\t\t\t\t<\/div>\n\t\t\t\t<div class=\"elementor-element elementor-element-15882ab elementor-widget elementor-widget-image\" data-id=\"15882ab\" data-element_type=\"widget\" data-e-type=\"widget\" data-widget_type=\"image.default\">\n\t\t\t\t<div class=\"elementor-widget-container\">\n\t\t\t\t\t\t\t\t\t\t\t\t\t\t\t<img loading=\"lazy\" decoding=\"async\" width=\"150\" height=\"150\" src=\"https:\/\/iniciasystems.com\/wp-content\/uploads\/2022\/02\/logo-biodegradable-150x150.png\" class=\"attachment-thumbnail size-thumbnail wp-image-4389\" alt=\"Productos biodegradables\" srcset=\"https:\/\/iniciasystems.com\/wp-content\/uploads\/2022\/02\/logo-biodegradable-150x150.png 150w, https:\/\/iniciasystems.com\/wp-content\/uploads\/2022\/02\/logo-biodegradable.png 300w\" sizes=\"(max-width: 150px) 100vw, 150px\" \/>\t\t\t\t\t\t\t\t\t\t\t\t\t\t\t<\/div>\n\t\t\t\t<\/div>\n\t\t\t\t\t<\/div>\n\t\t<\/div>\n\t\t\t\t\t<\/div>\n\t\t<\/section>\n\t\t\t\t<section class=\"elementor-section elementor-top-section elementor-element elementor-element-a1f9c60 elementor-section-boxed elementor-section-height-default elementor-section-height-default\" data-id=\"a1f9c60\" data-element_type=\"section\" data-e-type=\"section\">\n\t\t\t\t\t\t<div class=\"elementor-container elementor-column-gap-default\">\n\t\t\t\t\t<div class=\"elementor-column elementor-col-100 elementor-top-column elementor-element elementor-element-d6c1c2e\" data-id=\"d6c1c2e\" data-element_type=\"column\" data-e-type=\"column\">\n\t\t\t<div class=\"elementor-widget-wrap elementor-element-populated\">\n\t\t\t\t\t\t<div class=\"elementor-element elementor-element-e626c72 elementor-widget elementor-widget-heading\" data-id=\"e626c72\" data-element_type=\"widget\" data-e-type=\"widget\" data-widget_type=\"heading.default\">\n\t\t\t\t<div class=\"elementor-widget-container\">\n\t\t\t\t\t<h2 class=\"elementor-heading-title elementor-size-default\"><b>Inicia<\/b>systems\u00ae ha d'utilitzar sempre aigua descalcificada.<\/h2>\t\t\t\t<\/div>\n\t\t\t\t<\/div>\n\t\t\t\t\t<\/div>\n\t\t<\/div>\n\t\t\t\t\t<\/div>\n\t\t<\/section>\n\t\t\t\t<section class=\"elementor-section elementor-top-section elementor-element elementor-element-ca53870 elementor-section-content-top elementor-section-boxed elementor-section-height-default elementor-section-height-default\" data-id=\"ca53870\" data-element_type=\"section\" data-e-type=\"section\">\n\t\t\t\t\t\t<div class=\"elementor-container elementor-column-gap-default\">\n\t\t\t\t\t<div class=\"elementor-column elementor-col-100 elementor-top-column elementor-element elementor-element-618f930\" data-id=\"618f930\" data-element_type=\"column\" data-e-type=\"column\">\n\t\t\t<div class=\"elementor-widget-wrap elementor-element-populated\">\n\t\t\t\t\t\t<div class=\"elementor-element elementor-element-e6bbef2 elementor-widget elementor-widget-gallery\" data-id=\"e6bbef2\" data-element_type=\"widget\" data-e-type=\"widget\" data-settings=\"{&quot;columns&quot;:3,&quot;image_hover_animation&quot;:&quot;grow&quot;,&quot;lazyload&quot;:&quot;yes&quot;,&quot;gallery_layout&quot;:&quot;grid&quot;,&quot;columns_tablet&quot;:2,&quot;columns_mobile&quot;:1,&quot;gap&quot;:{&quot;unit&quot;:&quot;px&quot;,&quot;size&quot;:10,&quot;sizes&quot;:[]},&quot;gap_tablet&quot;:{&quot;unit&quot;:&quot;px&quot;,&quot;size&quot;:10,&quot;sizes&quot;:[]},&quot;gap_mobile&quot;:{&quot;unit&quot;:&quot;px&quot;,&quot;size&quot;:10,&quot;sizes&quot;:[]},&quot;link_to&quot;:&quot;file&quot;,&quot;aspect_ratio&quot;:&quot;3:2&quot;,&quot;content_hover_animation&quot;:&quot;fade-in&quot;}\" data-widget_type=\"gallery.default\">\n\t\t\t\t<div class=\"elementor-widget-container\">\n\t\t\t\t\t\t\t<div class=\"elementor-gallery__container\">\n\t\t\t\t\t\t\t<a class=\"e-gallery-item elementor-gallery-item elementor-animated-content\" href=\"https:\/\/iniciasystems.com\/wp-content\/uploads\/2021\/02\/limpiar-bandejas-termoactivos-iniciasystems.jpg\" data-elementor-open-lightbox=\"yes\" data-elementor-lightbox-slideshow=\"e6bbef2\" data-elementor-lightbox-title=\"limpiar bandejas con termoactivos y m\u00e1quinas iniciasystems\" data-elementor-lightbox-description=\"Las m\u00e1quinas desengrasantes iniciasystems, junto con nuestros termoactivos, desincrutan la grasa m\u00e1s dif\u00edcil.\" data-e-action-hash=\"#elementor-action%3Aaction%3Dlightbox%26settings%3DeyJpZCI6MzE0NywidXJsIjoiaHR0cHM6XC9cL2luaWNpYXN5c3RlbXMuY29tXC93cC1jb250ZW50XC91cGxvYWRzXC8yMDIxXC8wMlwvbGltcGlhci1iYW5kZWphcy10ZXJtb2FjdGl2b3MtaW5pY2lhc3lzdGVtcy5qcGciLCJzbGlkZXNob3ciOiJlNmJiZWYyIn0%3D\">\n\t\t\t\t\t<div class=\"e-gallery-image elementor-gallery-item__image\" data-thumbnail=\"https:\/\/iniciasystems.com\/wp-content\/uploads\/2021\/02\/limpiar-bandejas-termoactivos-iniciasystems.jpg\" data-width=\"300\" data-height=\"169\" aria-label=\"limpiar bandejas con termoactivos y m\u00e1quinas iniciasystems\" role=\"img\" ><\/div>\n\t\t\t\t\t\t\t\t\t\t\t\t\t\t<\/a>\n\t\t\t\t\t\t\t<a class=\"e-gallery-item elementor-gallery-item elementor-animated-content\" href=\"https:\/\/iniciasystems.com\/wp-content\/uploads\/2021\/03\/JCX1558.png\" data-elementor-open-lightbox=\"yes\" data-elementor-lightbox-slideshow=\"e6bbef2\" data-elementor-lightbox-title=\"Termoactivos para m\u00e1quina desengrasante iniciasystems\" data-elementor-lightbox-description=\"limpiar bandejas con termoactivos y lavautensilios industrial iniciasystems\" data-e-action-hash=\"#elementor-action%3Aaction%3Dlightbox%26settings%3DeyJpZCI6Mzk0OSwidXJsIjoiaHR0cHM6XC9cL2luaWNpYXN5c3RlbXMuY29tXC93cC1jb250ZW50XC91cGxvYWRzXC8yMDIxXC8wM1wvSkNYMTU1OC5wbmciLCJzbGlkZXNob3ciOiJlNmJiZWYyIn0%3D\">\n\t\t\t\t\t<div class=\"e-gallery-image elementor-gallery-item__image\" data-thumbnail=\"https:\/\/iniciasystems.com\/wp-content\/uploads\/2021\/03\/JCX1558.png\" data-width=\"300\" data-height=\"169\" aria-label=\"Termoactivos para m\u00e1quina desengrasante iniciasystems\" role=\"img\" ><\/div>\n\t\t\t\t\t\t\t\t\t\t\t\t\t\t<\/a>\n\t\t\t\t\t\t\t<a class=\"e-gallery-item elementor-gallery-item elementor-animated-content\" href=\"https:\/\/iniciasystems.com\/wp-content\/uploads\/2021\/02\/limpiar-sartenes-termoactivos-iniciasystems.jpg\" data-elementor-open-lightbox=\"yes\" data-elementor-lightbox-slideshow=\"e6bbef2\" data-elementor-lightbox-title=\"limpiar sartenes con termoactivos y lavautensilios industrial iniciasystems\" data-elementor-lightbox-description=\"Los lavautensilios desengrasantes iniciasystems, junto con nuestros termoactivos, desincrutan la grasa m\u00e1s dif\u00edcil.\" data-e-action-hash=\"#elementor-action%3Aaction%3Dlightbox%26settings%3DeyJpZCI6MzE1MywidXJsIjoiaHR0cHM6XC9cL2luaWNpYXN5c3RlbXMuY29tXC93cC1jb250ZW50XC91cGxvYWRzXC8yMDIxXC8wMlwvbGltcGlhci1zYXJ0ZW5lcy10ZXJtb2FjdGl2b3MtaW5pY2lhc3lzdGVtcy5qcGciLCJzbGlkZXNob3ciOiJlNmJiZWYyIn0%3D\">\n\t\t\t\t\t<div class=\"e-gallery-image elementor-gallery-item__image\" data-thumbnail=\"https:\/\/iniciasystems.com\/wp-content\/uploads\/2021\/02\/limpiar-sartenes-termoactivos-iniciasystems.jpg\" data-width=\"300\" data-height=\"169\" aria-label=\"limpiar sartenes con termoactivos y lavautensilios industrial iniciasystems\" role=\"img\" ><\/div>\n\t\t\t\t\t\t\t\t\t\t\t\t\t\t<\/a>\n\t\t\t\t\t<\/div>\n\t\t\t\t\t<\/div>\n\t\t\t\t<\/div>\n\t\t\t\t\t<\/div>\n\t\t<\/div>\n\t\t\t\t\t<\/div>\n\t\t<\/section>\n\t\t\t\t<section class=\"elementor-section elementor-top-section elementor-element elementor-element-7e5658c elementor-section-content-middle elementor-section-boxed elementor-section-height-default elementor-section-height-default\" data-id=\"7e5658c\" data-element_type=\"section\" data-e-type=\"section\">\n\t\t\t\t\t\t<div class=\"elementor-container elementor-column-gap-default\">\n\t\t\t\t\t<div class=\"elementor-column elementor-col-100 elementor-top-column elementor-element elementor-element-d0705b1\" data-id=\"d0705b1\" data-element_type=\"column\" data-e-type=\"column\">\n\t\t\t<div class=\"elementor-widget-wrap elementor-element-populated\">\n\t\t\t\t\t\t<div class=\"elementor-element elementor-element-5466a17 elementor-widget elementor-widget-text-editor\" data-id=\"5466a17\" data-element_type=\"widget\" data-e-type=\"widget\" data-widget_type=\"text-editor.default\">\n\t\t\t\t<div class=\"elementor-widget-container\">\n\t\t\t\t\t\t\t\t\t<p>Els termo actius <strong>Inicia<\/strong>systems\u00ae\u00a0compleixen amb la normativa europea de manera estricta, oferint una neteja \u00f2ptima respectant el medi ambient.<\/p>\n<p>Tots els termoactius estan disponibles en format de 5 Kg i caixes de 3 unitats.<\/p>\n<p>Cap dels termo actius, en la seva correcta diluci\u00f3 d&#8217;\u00fas,\u00a0 altera en cap cas els par\u00e0metres residuals de l&#8217;aigua D.B.O. D.Q.O.<\/p>\n\t\t\t\t\t\t\t\t<\/div>\n\t\t\t\t<\/div>\n\t\t\t\t\t<\/div>\n\t\t<\/div>\n\t\t\t\t\t<\/div>\n\t\t<\/section>\n\t\t\t\t<section class=\"elementor-section elementor-top-section elementor-element elementor-element-20795e7 elementor-section-full_width elementor-section-height-default elementor-section-height-default\" data-id=\"20795e7\" data-element_type=\"section\" data-e-type=\"section\" data-settings=\"{&quot;background_background&quot;:&quot;classic&quot;}\">\n\t\t\t\t\t\t<div class=\"elementor-container elementor-column-gap-no\">\n\t\t\t\t\t<div class=\"elementor-column elementor-col-100 elementor-top-column elementor-element elementor-element-d179c28\" data-id=\"d179c28\" data-element_type=\"column\" data-e-type=\"column\">\n\t\t\t<div class=\"elementor-widget-wrap elementor-element-populated\">\n\t\t\t\t\t\t<div class=\"elementor-element elementor-element-e08e6e2 elementor-widget elementor-widget-image\" data-id=\"e08e6e2\" data-element_type=\"widget\" data-e-type=\"widget\" data-widget_type=\"image.default\">\n\t\t\t\t<div class=\"elementor-widget-container\">\n\t\t\t\t\t\t\t\t\t\t\t\t\t\t\t<img loading=\"lazy\" decoding=\"async\" width=\"1920\" height=\"600\" src=\"https:\/\/iniciasystems.com\/wp-content\/uploads\/2021\/01\/10.jpg\" class=\"attachment-full size-full wp-image-2673\" alt=\"Lavautensilios, M\u00e1quinas desengrasantes\" \/>\t\t\t\t\t\t\t\t\t\t\t\t\t\t\t<\/div>\n\t\t\t\t<\/div>\n\t\t\t\t\t<\/div>\n\t\t<\/div>\n\t\t\t\t\t<\/div>\n\t\t<\/section>\n\t\t\t\t<\/div>\n\t\t","protected":false},"excerpt":{"rendered":"<p>Desincrustants termo actius Iniciasystems\u00ae Els nostres exclusius desincrustants d\u2019alt rendiment eliminen els greixos de manera segura; no contenen sosa c\u00e0ustica ni productes cancer\u00edgens com l\u2019NTA, ni tampoc fosfats, fenols, \u00e0cids o tensioactius perjudicials per al medi aqu\u00e0tic. Els seus humectants i tensioactius s\u00f3n d\u2019origen vegetal, derivats del sucre i la glucosa. Premium L40 Multi\u00fas Antical\u00e7 [&hellip;]<\/p>\n","protected":false},"author":4,"featured_media":0,"parent":0,"menu_order":12,"comment_status":"closed","ping_status":"closed","template":"","meta":{"footnotes":""},"class_list":["post-2839","page","type-page","status-publish","hentry"],"_links":{"self":[{"href":"https:\/\/iniciasystems.com\/ca\/wp-json\/wp\/v2\/pages\/2839","targetHints":{"allow":["GET"]}}],"collection":[{"href":"https:\/\/iniciasystems.com\/ca\/wp-json\/wp\/v2\/pages"}],"about":[{"href":"https:\/\/iniciasystems.com\/ca\/wp-json\/wp\/v2\/types\/page"}],"author":[{"embeddable":true,"href":"https:\/\/iniciasystems.com\/ca\/wp-json\/wp\/v2\/users\/4"}],"replies":[{"embeddable":true,"href":"https:\/\/iniciasystems.com\/ca\/wp-json\/wp\/v2\/comments?post=2839"}],"version-history":[{"count":3,"href":"https:\/\/iniciasystems.com\/ca\/wp-json\/wp\/v2\/pages\/2839\/revisions"}],"predecessor-version":[{"id":6012,"href":"https:\/\/iniciasystems.com\/ca\/wp-json\/wp\/v2\/pages\/2839\/revisions\/6012"}],"wp:attachment":[{"href":"https:\/\/iniciasystems.com\/ca\/wp-json\/wp\/v2\/media?parent=2839"}],"curies":[{"name":"wp","href":"https:\/\/api.w.org\/{rel}","templated":true}]}}