{"id":2833,"date":"2021-01-14T10:07:34","date_gmt":"2021-01-14T09:07:34","guid":{"rendered":"https:\/\/iniciasystems.com\/qui-som\/"},"modified":"2026-01-07T11:05:41","modified_gmt":"2026-01-07T10:05:41","slug":"qui-som","status":"publish","type":"page","link":"https:\/\/iniciasystems.com\/ca\/qui-som\/","title":{"rendered":"Qui som?"},"content":{"rendered":"\t\t<div data-elementor-type=\"wp-page\" data-elementor-id=\"2833\" class=\"elementor elementor-2833 elementor-2504\" data-elementor-post-type=\"page\">\n\t\t\t\t\t\t<section class=\"elementor-section elementor-top-section elementor-element elementor-element-d805229 elementor-section-boxed elementor-section-height-default elementor-section-height-default\" data-id=\"d805229\" data-element_type=\"section\" data-e-type=\"section\">\n\t\t\t\t\t\t<div class=\"elementor-container elementor-column-gap-default\">\n\t\t\t\t\t<div class=\"elementor-column elementor-col-100 elementor-top-column elementor-element elementor-element-d90563f\" data-id=\"d90563f\" data-element_type=\"column\" data-e-type=\"column\">\n\t\t\t<div class=\"elementor-widget-wrap elementor-element-populated\">\n\t\t\t\t\t\t<div class=\"elementor-element elementor-element-69e404d elementor-widget elementor-widget-heading\" data-id=\"69e404d\" data-element_type=\"widget\" data-e-type=\"widget\" data-widget_type=\"heading.default\">\n\t\t\t\t<div class=\"elementor-widget-container\">\n\t\t\t\t\t<h1 class=\"elementor-heading-title elementor-size-default\">Solucions i maquin\u00e0ria per a hostaleria<\/h1>\t\t\t\t<\/div>\n\t\t\t\t<\/div>\n\t\t\t\t<section class=\"elementor-section elementor-inner-section elementor-element elementor-element-d49e017 elementor-section-boxed elementor-section-height-default elementor-section-height-default\" data-id=\"d49e017\" data-element_type=\"section\" data-e-type=\"section\">\n\t\t\t\t\t\t<div class=\"elementor-container elementor-column-gap-no\">\n\t\t\t\t\t<div class=\"elementor-column elementor-col-50 elementor-inner-column elementor-element elementor-element-543f81e\" data-id=\"543f81e\" data-element_type=\"column\" data-e-type=\"column\">\n\t\t\t<div class=\"elementor-widget-wrap elementor-element-populated\">\n\t\t\t\t\t\t<div class=\"elementor-element elementor-element-acb5aa3 elementor-widget elementor-widget-text-editor\" data-id=\"acb5aa3\" data-element_type=\"widget\" data-e-type=\"widget\" data-widget_type=\"text-editor.default\">\n\t\t\t\t<div class=\"elementor-widget-container\">\n\t\t\t\t\t\t\t\t\t<p>Els equipaments i maquin\u00e0ria per a hostaleria, restauraci\u00f3 i col\u00b7lectivitats de <strong>Inicia<\/strong>serveis\u00ae s\u00f3n la soluci\u00f3 a l&#8217;estalvi de costos del seu negoci.<\/p>\n<p>Amb m\u00e9s de vint-i-cinc anys d&#8217;experi\u00e8ncia en el sector de l&#8217;hostaleria, la restauraci\u00f3 i les col\u00b7lectivitats,\u00a0<strong>Inicia<\/strong>serveis\u00ae\u00a0va n\u00e9ixer amb la voluntat de rendibilitzar les cuines professionals, amb equipaments i solucions de qualitat, per a oferir un estalvi econ\u00f2mic important per al seu restaurant, hotel o bar.<\/p>\n<p>Amb aquesta filosofia d&#8217;estalvi i optimitzaci\u00f3, hem dissenyat i fabricat <strong>Inicia<\/strong>systems\u00ae, un innovador sistema de neteja d&#8217;utensilis de cuina per immersi\u00f3, que combinat amb els nostres productes termo actius biodegradables, li permet estalviar fins a un 70% en costos de rentada, desinfectant al mateix temps tots els utensilis de cuina.<\/p>\n\t\t\t\t\t\t\t\t<\/div>\n\t\t\t\t<\/div>\n\t\t\t\t\t<\/div>\n\t\t<\/div>\n\t\t\t\t<div class=\"elementor-column elementor-col-50 elementor-inner-column elementor-element elementor-element-b0a8f26\" data-id=\"b0a8f26\" data-element_type=\"column\" data-e-type=\"column\">\n\t\t\t<div class=\"elementor-widget-wrap elementor-element-populated\">\n\t\t\t\t\t\t<div class=\"elementor-element elementor-element-3bb6352 elementor-widget elementor-widget-image\" data-id=\"3bb6352\" data-element_type=\"widget\" data-e-type=\"widget\" data-widget_type=\"image.default\">\n\t\t\t\t<div class=\"elementor-widget-container\">\n\t\t\t\t\t\t\t\t\t\t\t\t\t\t\t<img fetchpriority=\"high\" decoding=\"async\" width=\"800\" height=\"534\" src=\"https:\/\/iniciasystems.com\/wp-content\/uploads\/2020\/11\/qui-som-iniciasystems-1.jpg\" class=\"attachment-large size-large wp-image-2580\" alt=\"Ahorrar en tiempo y dinero con la maquinaria de hosteler\u00eda iniciasystems\" \/>\t\t\t\t\t\t\t\t\t\t\t\t\t\t\t<\/div>\n\t\t\t\t<\/div>\n\t\t\t\t\t<\/div>\n\t\t<\/div>\n\t\t\t\t\t<\/div>\n\t\t<\/section>\n\t\t\t\t\t<\/div>\n\t\t<\/div>\n\t\t\t\t\t<\/div>\n\t\t<\/section>\n\t\t\t\t<section class=\"elementor-section elementor-top-section elementor-element elementor-element-2242d4d elementor-section-boxed elementor-section-height-default elementor-section-height-default\" data-id=\"2242d4d\" data-element_type=\"section\" data-e-type=\"section\">\n\t\t\t\t\t\t<div class=\"elementor-container elementor-column-gap-default\">\n\t\t\t\t\t<div class=\"elementor-column elementor-col-100 elementor-top-column elementor-element elementor-element-5f731b0\" data-id=\"5f731b0\" data-element_type=\"column\" data-e-type=\"column\">\n\t\t\t<div class=\"elementor-widget-wrap elementor-element-populated\">\n\t\t\t\t\t\t<div class=\"elementor-element elementor-element-e3fda5c elementor-widget elementor-widget-heading\" data-id=\"e3fda5c\" data-element_type=\"widget\" data-e-type=\"widget\" data-widget_type=\"heading.default\">\n\t\t\t\t<div class=\"elementor-widget-container\">\n\t\t\t\t\t<h2 class=\"elementor-heading-title elementor-size-default\">Estalvi energ\u00e8tic per al teu negoci!<\/h2>\t\t\t\t<\/div>\n\t\t\t\t<\/div>\n\t\t\t\t\t<\/div>\n\t\t<\/div>\n\t\t\t\t\t<\/div>\n\t\t<\/section>\n\t\t\t\t<section class=\"elementor-section elementor-top-section elementor-element elementor-element-49677cf elementor-section-boxed elementor-section-height-default elementor-section-height-default\" data-id=\"49677cf\" data-element_type=\"section\" data-e-type=\"section\">\n\t\t\t\t\t\t<div class=\"elementor-container elementor-column-gap-default\">\n\t\t\t\t\t<div class=\"elementor-column elementor-col-100 elementor-top-column elementor-element elementor-element-7b827b0\" data-id=\"7b827b0\" data-element_type=\"column\" data-e-type=\"column\">\n\t\t\t<div class=\"elementor-widget-wrap elementor-element-populated\">\n\t\t\t\t\t\t<div class=\"elementor-element elementor-element-31d00d09 elementor-widget elementor-widget-heading\" data-id=\"31d00d09\" data-element_type=\"widget\" data-e-type=\"widget\" data-settings=\"{&quot;_animation&quot;:&quot;none&quot;}\" data-widget_type=\"heading.default\">\n\t\t\t\t<div class=\"elementor-widget-container\">\n\t\t\t\t\t<h1 class=\"elementor-heading-title elementor-size-default\"><h1 data-elementor-setting-key=\"title\" data-pen-placeholder=\"Teclea aqu\u00ed...\" style=\"font-family: Roboto, sans-serif\"><span style=\"font-size: 26px\">M\u00e0quines desgreixedores per m\u00faltiples sectors<\/span><span style=\"font-size: 26px\"><\/span><\/h1><\/h1>\t\t\t\t<\/div>\n\t\t\t\t<\/div>\n\t\t\t\t<section class=\"elementor-section elementor-inner-section elementor-element elementor-element-27941131 elementor-section-boxed elementor-section-height-default elementor-section-height-default\" data-id=\"27941131\" data-element_type=\"section\" data-e-type=\"section\">\n\t\t\t\t\t\t<div class=\"elementor-container elementor-column-gap-default\">\n\t\t\t\t\t<div class=\"elementor-column elementor-col-33 elementor-inner-column elementor-element elementor-element-3a06717a\" data-id=\"3a06717a\" data-element_type=\"column\" data-e-type=\"column\">\n\t\t\t<div class=\"elementor-widget-wrap elementor-element-populated\">\n\t\t\t\t\t\t<div class=\"elementor-element elementor-element-5f9881cf elementor-widget elementor-widget-image\" data-id=\"5f9881cf\" data-element_type=\"widget\" data-e-type=\"widget\" data-widget_type=\"image.default\">\n\t\t\t\t<div class=\"elementor-widget-container\">\n\t\t\t\t\t\t\t\t\t\t\t\t\t\t\t<img decoding=\"async\" width=\"355\" height=\"128\" src=\"https:\/\/iniciasystems.com\/wp-content\/uploads\/2023\/02\/iconos-sectores-hosteleria.png\" class=\"attachment-full size-full wp-image-5426\" alt=\"Lavautensilios desengrasantes para hosteler\u00eda\" \/>\t\t\t\t\t\t\t\t\t\t\t\t\t\t\t<\/div>\n\t\t\t\t<\/div>\n\t\t\t\t<div class=\"elementor-element elementor-element-592c90c0 elementor-widget elementor-widget-heading\" data-id=\"592c90c0\" data-element_type=\"widget\" data-e-type=\"widget\" data-widget_type=\"heading.default\">\n\t\t\t\t<div class=\"elementor-widget-container\">\n\t\t\t\t\t<h2 class=\"elementor-heading-title elementor-size-default\">Hostaleria i Restauraci\u00f3<br><\/h2>\t\t\t\t<\/div>\n\t\t\t\t<\/div>\n\t\t\t\t<div class=\"elementor-element elementor-element-499b42da elementor-widget elementor-widget-text-editor\" data-id=\"499b42da\" data-element_type=\"widget\" data-e-type=\"widget\" data-widget_type=\"text-editor.default\">\n\t\t\t\t<div class=\"elementor-widget-container\">\n\t\t\t\t\t\t\t\t\t<p><strong>Inicia<\/strong>systems\u00ae\u00a0<span style=\"font-size: 1rem;\">en aquest sector est\u00e0 especialment indicat per a rentar sense esfor\u00e7 tota la bateria de cuina,<\/span><span style=\"font-size: 1rem;\">\u00a0<\/span><span style=\"font-size: 1rem; font-weight: bolder;\">safates Gastronorm<\/span><span style=\"font-size: 1rem;\">, filtres de campana, ferros dels fogons, etc. Alguns utensilis, com les paelles, es presentaran al seu client final en<\/span><span style=\"font-size: 1rem;\">\u00a0<\/span><span style=\"font-size: 1rem; font-weight: bolder;\">un estat immillorable<\/span><span style=\"font-size: 1rem;\">.<\/span><\/p>\t\t\t\t\t\t\t\t<\/div>\n\t\t\t\t<\/div>\n\t\t\t\t\t<\/div>\n\t\t<\/div>\n\t\t\t\t<div class=\"elementor-column elementor-col-33 elementor-inner-column elementor-element elementor-element-50c98137\" data-id=\"50c98137\" data-element_type=\"column\" data-e-type=\"column\">\n\t\t\t<div class=\"elementor-widget-wrap elementor-element-populated\">\n\t\t\t\t\t\t<div class=\"elementor-element elementor-element-3574e3a9 elementor-widget elementor-widget-image\" data-id=\"3574e3a9\" data-element_type=\"widget\" data-e-type=\"widget\" data-widget_type=\"image.default\">\n\t\t\t\t<div class=\"elementor-widget-container\">\n\t\t\t\t\t\t\t\t\t\t\t\t\t\t\t<img decoding=\"async\" width=\"355\" height=\"128\" src=\"https:\/\/iniciasystems.com\/wp-content\/uploads\/2023\/02\/iconos-sectores-hospitales.png\" class=\"attachment-full size-full wp-image-5423\" alt=\"Lavautensilios para hospitales\" \/>\t\t\t\t\t\t\t\t\t\t\t\t\t\t\t<\/div>\n\t\t\t\t<\/div>\n\t\t\t\t<div class=\"elementor-element elementor-element-39b026a6 elementor-widget elementor-widget-heading\" data-id=\"39b026a6\" data-element_type=\"widget\" data-e-type=\"widget\" data-widget_type=\"heading.default\">\n\t\t\t\t<div class=\"elementor-widget-container\">\n\t\t\t\t\t<h2 class=\"elementor-heading-title elementor-size-default\">Hospitalari i Col\u00b7lectivitats<br><\/h2>\t\t\t\t<\/div>\n\t\t\t\t<\/div>\n\t\t\t\t<div class=\"elementor-element elementor-element-33ad95b elementor-widget elementor-widget-text-editor\" data-id=\"33ad95b\" data-element_type=\"widget\" data-e-type=\"widget\" data-widget_type=\"text-editor.default\">\n\t\t\t\t<div class=\"elementor-widget-container\">\n\t\t\t\t\t\t\t\t\t<p>En\u00a0<span style=\"font-size: 1rem;\">aquests centres, el m\u00e9s important, \u00e9s tenir un grau \u00f2ptim de desinfecci\u00f3.<\/span><span style=\"font-size: 1rem;\">\u00a0<\/span><span style=\"font-size: 1rem; font-weight: bolder;\">Inicia<\/span><span style=\"font-size: 1rem;\">systems\u00ae treballa amb la temperatura i el PH necessaris perqu\u00e8 tots els utensilis rentats quedin en un estat impol\u00b7lut, especialment les<\/span><span style=\"font-size: 1rem;\">\u00a0<\/span><span style=\"font-size: 1rem; font-weight: bolder;\">safates Gastronorm<\/span><span style=\"font-size: 1rem;\">.<\/span><\/p>\t\t\t\t\t\t\t\t<\/div>\n\t\t\t\t<\/div>\n\t\t\t\t\t<\/div>\n\t\t<\/div>\n\t\t\t\t<div class=\"elementor-column elementor-col-33 elementor-inner-column elementor-element elementor-element-558827e3\" data-id=\"558827e3\" data-element_type=\"column\" data-e-type=\"column\">\n\t\t\t<div class=\"elementor-widget-wrap elementor-element-populated\">\n\t\t\t\t\t\t<div class=\"elementor-element elementor-element-6c8e37f5 elementor-widget elementor-widget-image\" data-id=\"6c8e37f5\" data-element_type=\"widget\" data-e-type=\"widget\" data-widget_type=\"image.default\">\n\t\t\t\t<div class=\"elementor-widget-container\">\n\t\t\t\t\t\t\t\t\t\t\t\t\t\t\t<img loading=\"lazy\" decoding=\"async\" width=\"355\" height=\"128\" src=\"https:\/\/iniciasystems.com\/wp-content\/uploads\/2023\/02\/iconos-sectores-panaderias.png\" class=\"attachment-full size-full wp-image-5432\" alt=\"Lavautensilios para panader\u00edas\" \/>\t\t\t\t\t\t\t\t\t\t\t\t\t\t\t<\/div>\n\t\t\t\t<\/div>\n\t\t\t\t<div class=\"elementor-element elementor-element-4de9d78d elementor-widget elementor-widget-heading\" data-id=\"4de9d78d\" data-element_type=\"widget\" data-e-type=\"widget\" data-widget_type=\"heading.default\">\n\t\t\t\t<div class=\"elementor-widget-container\">\n\t\t\t\t\t<h2 class=\"elementor-heading-title elementor-size-default\">Fleques i Pastisseries<br><\/h2>\t\t\t\t<\/div>\n\t\t\t\t<\/div>\n\t\t\t\t<div class=\"elementor-element elementor-element-464122fb elementor-widget elementor-widget-text-editor\" data-id=\"464122fb\" data-element_type=\"widget\" data-e-type=\"widget\" data-widget_type=\"text-editor.default\">\n\t\t\t\t<div class=\"elementor-widget-container\">\n\t\t\t\t\t\t\t\t\t<p>En\u00a0<span style=\"font-size: 1rem;\">els obradors<\/span><span style=\"font-size: 1rem;\">\u00a0<\/span><span style=\"font-size: 1rem; font-weight: bolder;\">Inicia<\/span><span style=\"font-size: 1rem;\">systems\u00ae est\u00e0 especialment indicat per a desincrustar la brut\u00edcia dels<\/span><span style=\"font-size: 1rem;\">\u00a0<\/span><span style=\"font-size: 1rem; font-weight: bolder;\">motlles de diferents materials<\/span><span style=\"font-size: 1rem;\">\u00a0<\/span><span style=\"font-size: 1rem;\">i tamb\u00e9 de les<\/span><span style=\"font-size: 1rem;\">\u00a0<\/span><span style=\"font-size: 1rem; font-weight: bolder;\">safates<\/span><span style=\"font-size: 1rem;\">, fins i tot les que s\u00f3n<\/span><span style=\"font-size: 1rem;\">\u00a0<\/span><span style=\"font-size: 1rem; font-weight: bolder;\">antiadherents<\/span><span style=\"font-size: 1rem;\">, ja que allarga la seva durada sense patir cap mal, quedant completament netes.<\/span><\/p>\t\t\t\t\t\t\t\t<\/div>\n\t\t\t\t<\/div>\n\t\t\t\t\t<\/div>\n\t\t<\/div>\n\t\t\t\t\t<\/div>\n\t\t<\/section>\n\t\t\t\t<section class=\"elementor-section elementor-inner-section elementor-element elementor-element-74027cf3 elementor-section-boxed elementor-section-height-default elementor-section-height-default\" data-id=\"74027cf3\" data-element_type=\"section\" data-e-type=\"section\">\n\t\t\t\t\t\t<div class=\"elementor-container elementor-column-gap-default\">\n\t\t\t\t\t<div class=\"elementor-column elementor-col-33 elementor-inner-column elementor-element elementor-element-1ad1ce2e\" data-id=\"1ad1ce2e\" data-element_type=\"column\" data-e-type=\"column\">\n\t\t\t<div class=\"elementor-widget-wrap elementor-element-populated\">\n\t\t\t\t\t\t<div class=\"elementor-element elementor-element-6f19fbee elementor-widget elementor-widget-image\" data-id=\"6f19fbee\" data-element_type=\"widget\" data-e-type=\"widget\" data-widget_type=\"image.default\">\n\t\t\t\t<div class=\"elementor-widget-container\">\n\t\t\t\t\t\t\t\t\t\t\t\t\t\t\t<img loading=\"lazy\" decoding=\"async\" width=\"355\" height=\"128\" src=\"https:\/\/iniciasystems.com\/wp-content\/uploads\/2023\/02\/iconos-sectores-industria-alimentaria.png\" class=\"attachment-full size-full wp-image-5429\" alt=\"Lavautensilios desengrasantes para industria alimentaria\" \/>\t\t\t\t\t\t\t\t\t\t\t\t\t\t\t<\/div>\n\t\t\t\t<\/div>\n\t\t\t\t<div class=\"elementor-element elementor-element-5b586437 elementor-widget elementor-widget-heading\" data-id=\"5b586437\" data-element_type=\"widget\" data-e-type=\"widget\" data-widget_type=\"heading.default\">\n\t\t\t\t<div class=\"elementor-widget-container\">\n\t\t\t\t\t<h2 class=\"elementor-heading-title elementor-size-default\">Ind\u00fastria aliment\u00e0ria i Cuines de producci\u00f3<br><\/h2>\t\t\t\t<\/div>\n\t\t\t\t<\/div>\n\t\t\t\t<div class=\"elementor-element elementor-element-6d4188a3 elementor-widget elementor-widget-text-editor\" data-id=\"6d4188a3\" data-element_type=\"widget\" data-e-type=\"widget\" data-widget_type=\"text-editor.default\">\n\t\t\t\t<div class=\"elementor-widget-container\">\n\t\t\t\t\t\t\t\t\t<p><strong>Inicia<\/strong>systems\u00ae\u00a0<span style=\"font-size: 1rem;\">disposa de models de<\/span><span style=\"font-size: 1rem;\">\u00a0<\/span><span style=\"font-size: 1rem; font-weight: bolder;\">gran capacitat<\/span><span style=\"font-size: 1rem;\">\u00a0<\/span><span style=\"font-size: 1rem;\">per a aquesta ind\u00fastria, per a netejar els utensilis m\u00e9s grans com a<\/span><span style=\"font-size: 1rem;\">\u00a0<\/span><span style=\"font-size: 1rem; font-weight: bolder;\">safates Gastronorm 2\/1<\/span><span style=\"font-size: 1rem;\">, motlles,<\/span><span style=\"font-size: 1rem;\">\u00a0<\/span><span style=\"font-size: 1rem; font-weight: bolder;\">filtres de sostres filtrants<\/span><span style=\"font-size: 1rem;\">\u00a0<\/span><span style=\"font-size: 1rem;\">o qualsevol element met\u00e0l\u00b7lic que necessiti ser rentat o desincrustat.<\/span><\/p>\t\t\t\t\t\t\t\t<\/div>\n\t\t\t\t<\/div>\n\t\t\t\t\t<\/div>\n\t\t<\/div>\n\t\t\t\t<div class=\"elementor-column elementor-col-33 elementor-inner-column elementor-element elementor-element-7f95e87e\" data-id=\"7f95e87e\" data-element_type=\"column\" data-e-type=\"column\">\n\t\t\t<div class=\"elementor-widget-wrap elementor-element-populated\">\n\t\t\t\t\t\t<div class=\"elementor-element elementor-element-10885a23 elementor-widget elementor-widget-image\" data-id=\"10885a23\" data-element_type=\"widget\" data-e-type=\"widget\" data-widget_type=\"image.default\">\n\t\t\t\t<div class=\"elementor-widget-container\">\n\t\t\t\t\t\t\t\t\t\t\t\t\t\t\t<img loading=\"lazy\" decoding=\"async\" width=\"355\" height=\"128\" src=\"https:\/\/iniciasystems.com\/wp-content\/uploads\/2023\/02\/iconos-sectores-rostisseries.png\" class=\"attachment-full size-full wp-image-5435\" alt=\"Lavautensilios desengrasantes para asadores\" \/>\t\t\t\t\t\t\t\t\t\t\t\t\t\t\t<\/div>\n\t\t\t\t<\/div>\n\t\t\t\t<div class=\"elementor-element elementor-element-4b9f8171 elementor-widget elementor-widget-heading\" data-id=\"4b9f8171\" data-element_type=\"widget\" data-e-type=\"widget\" data-widget_type=\"heading.default\">\n\t\t\t\t<div class=\"elementor-widget-container\">\n\t\t\t\t\t<h2 class=\"elementor-heading-title elementor-size-default\">Rostidors i Plats preparats<\/h2>\t\t\t\t<\/div>\n\t\t\t\t<\/div>\n\t\t\t\t<div class=\"elementor-element elementor-element-4ccc9c50 elementor-widget elementor-widget-text-editor\" data-id=\"4ccc9c50\" data-element_type=\"widget\" data-e-type=\"widget\" data-widget_type=\"text-editor.default\">\n\t\t\t\t<div class=\"elementor-widget-container\">\n\t\t\t\t\t\t\t\t\t<p><span style=\"font-size: 1rem;\">En les cuines d&#8217;aquest sector hi ha<\/span><span style=\"font-size: 1rem;\">\u00a0<\/span><span style=\"font-size: 1rem; font-weight: bolder;\">brut\u00edcia molt incrustada<\/span><span style=\"font-size: 1rem;\">.<\/span><span style=\"font-size: 1rem;\">\u00a0<\/span><span style=\"font-size: 1rem; font-weight: bolder;\">Inicia<\/span><span style=\"font-size: 1rem;\">systems\u00ae neteja sense esfor\u00e7 el<\/span><span style=\"font-size: 1rem;\">\u00a0<\/span><span style=\"font-size: 1rem; font-weight: bolder;\">greix en els ganxos<\/span><span style=\"font-size: 1rem;\">\u00a0<\/span><span style=\"font-size: 1rem;\">de rostir pollastres, les espases, la bateria de cuina,<\/span><span style=\"font-size: 1rem;\">\u00a0<\/span><span style=\"font-size: 1rem; font-weight: bolder;\">filtres de campana<\/span><span style=\"font-size: 1rem;\">, etc. El seu negoci tindr\u00e0 sempre un<\/span><span style=\"font-size: 1rem;\">\u00a0<\/span><span style=\"font-size: 1rem; font-weight: bolder;\">aspecte brillant<\/span><span style=\"font-size: 1rem;\">\u00a0<\/span><span style=\"font-size: 1rem;\">de cares al p\u00fablic.<\/span><\/p>\t\t\t\t\t\t\t\t<\/div>\n\t\t\t\t<\/div>\n\t\t\t\t\t<\/div>\n\t\t<\/div>\n\t\t\t\t<div class=\"elementor-column elementor-col-33 elementor-inner-column elementor-element elementor-element-63147c12\" data-id=\"63147c12\" data-element_type=\"column\" data-e-type=\"column\">\n\t\t\t<div class=\"elementor-widget-wrap elementor-element-populated\">\n\t\t\t\t\t\t<div class=\"elementor-element elementor-element-75d72382 elementor-widget elementor-widget-image\" data-id=\"75d72382\" data-element_type=\"widget\" data-e-type=\"widget\" data-widget_type=\"image.default\">\n\t\t\t\t<div class=\"elementor-widget-container\">\n\t\t\t\t\t\t\t\t\t\t\t\t\t\t\t<img loading=\"lazy\" decoding=\"async\" width=\"355\" height=\"128\" src=\"https:\/\/iniciasystems.com\/wp-content\/uploads\/2023\/02\/iconos-sectores-caterings.png\" class=\"attachment-full size-full wp-image-5420\" alt=\"Lavautensilios para caterings\" \/>\t\t\t\t\t\t\t\t\t\t\t\t\t\t\t<\/div>\n\t\t\t\t<\/div>\n\t\t\t\t<div class=\"elementor-element elementor-element-6088c51d elementor-widget elementor-widget-heading\" data-id=\"6088c51d\" data-element_type=\"widget\" data-e-type=\"widget\" data-widget_type=\"heading.default\">\n\t\t\t\t<div class=\"elementor-widget-container\">\n\t\t\t\t\t<h2 class=\"elementor-heading-title elementor-size-default\">C\u00e0terings<\/h2>\t\t\t\t<\/div>\n\t\t\t\t<\/div>\n\t\t\t\t<div class=\"elementor-element elementor-element-344d839 elementor-widget elementor-widget-text-editor\" data-id=\"344d839\" data-element_type=\"widget\" data-e-type=\"widget\" data-widget_type=\"text-editor.default\">\n\t\t\t\t<div class=\"elementor-widget-container\">\n\t\t\t\t\t\t\t\t\t<p>En\u00a0<span style=\"font-size: 1rem;\">aquest col\u00b7lectiu de gran consum, l&#8217;<\/span><span style=\"font-size: 1rem; font-weight: bolder;\">estalvi energ\u00e8tic<\/span><span style=\"font-size: 1rem;\">\u00a0<\/span><span style=\"font-size: 1rem;\">\u00e9s vital.<\/span><span style=\"font-size: 1rem;\">\u00a0<\/span><span style=\"font-size: 1rem; font-weight: bolder;\">Inicia<\/span><span style=\"font-size: 1rem;\">systems\u00ae aconsegueix rebaixar fins a un<\/span><span style=\"font-size: 1rem;\">\u00a0<\/span><span style=\"font-size: 1rem; font-weight: bolder;\">70% les despeses de rentada<\/span><span style=\"font-size: 1rem;\">. Disposem de models de<\/span><span style=\"font-size: 1rem;\">\u00a0<\/span><span style=\"font-size: 1rem; font-weight: bolder;\">gran capacitat<\/span><span style=\"font-size: 1rem;\">\u00a0<\/span><span style=\"font-size: 1rem;\">per a netejar safates<\/span><span style=\"font-size: 1rem;\">\u00a0<\/span><span style=\"font-size: 1rem; font-weight: bolder;\">Gastronorm<\/span><span style=\"font-size: 1rem;\">, sostres filtrants, tota la bateria de cuina, etc.<\/span><\/p>\t\t\t\t\t\t\t\t<\/div>\n\t\t\t\t<\/div>\n\t\t\t\t\t<\/div>\n\t\t<\/div>\n\t\t\t\t\t<\/div>\n\t\t<\/section>\n\t\t\t\t\t<\/div>\n\t\t<\/div>\n\t\t\t\t\t<\/div>\n\t\t<\/section>\n\t\t\t\t<section class=\"elementor-section elementor-top-section elementor-element elementor-element-ba8fdb3 elementor-section-full_width elementor-section-height-default elementor-section-height-default\" data-id=\"ba8fdb3\" data-element_type=\"section\" data-e-type=\"section\" data-settings=\"{&quot;background_background&quot;:&quot;classic&quot;}\">\n\t\t\t\t\t\t<div class=\"elementor-container elementor-column-gap-no\">\n\t\t\t\t\t<div class=\"elementor-column elementor-col-100 elementor-top-column elementor-element elementor-element-bd4b235\" data-id=\"bd4b235\" data-element_type=\"column\" data-e-type=\"column\">\n\t\t\t<div class=\"elementor-widget-wrap elementor-element-populated\">\n\t\t\t\t\t\t<div class=\"elementor-element elementor-element-85ce230 elementor-widget elementor-widget-image\" data-id=\"85ce230\" data-element_type=\"widget\" data-e-type=\"widget\" data-widget_type=\"image.default\">\n\t\t\t\t<div class=\"elementor-widget-container\">\n\t\t\t\t\t\t\t\t\t\t\t\t\t\t\t<img loading=\"lazy\" decoding=\"async\" width=\"1920\" height=\"600\" src=\"https:\/\/iniciasystems.com\/wp-content\/uploads\/2021\/01\/foto-qui-som.jpg\" class=\"attachment-full size-full wp-image-2639\" alt=\"Iniciasystems, m\u00e1quinas desengrasantes\" \/>\t\t\t\t\t\t\t\t\t\t\t\t\t\t\t<\/div>\n\t\t\t\t<\/div>\n\t\t\t\t\t<\/div>\n\t\t<\/div>\n\t\t\t\t\t<\/div>\n\t\t<\/section>\n\t\t\t\t<\/div>\n\t\t","protected":false},"excerpt":{"rendered":"<p>Solucions i maquin\u00e0ria per a hostaleria Els equipaments i maquin\u00e0ria per a hostaleria, restauraci\u00f3 i col\u00b7lectivitats de Iniciaserveis\u00ae s\u00f3n la soluci\u00f3 a l&#8217;estalvi de costos del seu negoci. Amb m\u00e9s de vint-i-cinc anys d&#8217;experi\u00e8ncia en el sector de l&#8217;hostaleria, la restauraci\u00f3 i les col\u00b7lectivitats,\u00a0Iniciaserveis\u00ae\u00a0va n\u00e9ixer amb la voluntat de rendibilitzar les cuines professionals, amb equipaments [&hellip;]<\/p>\n","protected":false},"author":4,"featured_media":0,"parent":0,"menu_order":15,"comment_status":"closed","ping_status":"closed","template":"","meta":{"footnotes":""},"class_list":["post-2833","page","type-page","status-publish","hentry"],"_links":{"self":[{"href":"https:\/\/iniciasystems.com\/ca\/wp-json\/wp\/v2\/pages\/2833","targetHints":{"allow":["GET"]}}],"collection":[{"href":"https:\/\/iniciasystems.com\/ca\/wp-json\/wp\/v2\/pages"}],"about":[{"href":"https:\/\/iniciasystems.com\/ca\/wp-json\/wp\/v2\/types\/page"}],"author":[{"embeddable":true,"href":"https:\/\/iniciasystems.com\/ca\/wp-json\/wp\/v2\/users\/4"}],"replies":[{"embeddable":true,"href":"https:\/\/iniciasystems.com\/ca\/wp-json\/wp\/v2\/comments?post=2833"}],"version-history":[{"count":5,"href":"https:\/\/iniciasystems.com\/ca\/wp-json\/wp\/v2\/pages\/2833\/revisions"}],"predecessor-version":[{"id":6240,"href":"https:\/\/iniciasystems.com\/ca\/wp-json\/wp\/v2\/pages\/2833\/revisions\/6240"}],"wp:attachment":[{"href":"https:\/\/iniciasystems.com\/ca\/wp-json\/wp\/v2\/media?parent=2833"}],"curies":[{"name":"wp","href":"https:\/\/api.w.org\/{rel}","templated":true}]}}